{"id":22254,"date":"2025-03-08T13:22:35","date_gmt":"2025-03-08T16:22:35","guid":{"rendered":"https:\/\/rotoplastyc.com.br\/?page_id=22254"},"modified":"2025-04-07T10:13:57","modified_gmt":"2025-04-07T13:13:57","slug":"carreras","status":"publish","type":"page","link":"https:\/\/rotoplastyc.com.br\/es\/carreras\/","title":{"rendered":"Carreras"},"content":{"rendered":"\n\t\t\t<div id=\"construya-el-futuro-con-rotoplastyc\" class=\"block block--page-heading  heading-border \" >\n\n                <div class=\"container\">                                         \n\n                                           \n                    <h1 class=\"block--headline\">CARRERAS<\/h1>                                               \n                    \n                                           \n                    <h2 class=\"block--title\">Construya el futuro con Rotoplastyc<\/h2>     \n                                            \n\n                                            \n\n                                                                   \n                    <p>En Rotoplastyc, las personas son la raz\u00f3n de nuestro \u00e9xito. Nuestra secci\u00f3n de carreras fue creada para conectar talentos excepcionales con las oportunidades correctas en un ambiente que promueve la prosperidad, la colaboraci\u00f3n y el crecimiento. Aqu\u00ed usted encontrar\u00e1 informaciones sobre nuestras vacantes, cultura organizacional y losbeneficios de formar parte de nuestro equipo.<br \/>\nQueremos atraer profesionales apasionados y comprometidos que deseen crecer junto con nosotros, ayudando a moldear el futuro de nuestro sector. \u00a1Explore nuestras oportunidades y descubra c\u00f3mo usted puede marcar la diferencia con nosotros!<\/p>\n                    \n                                        <div class=\"btn-group\">\n                                                <a class=\"btn-primary btn-rounded\" href=\"https:\/\/app.jobfy.pro\/rotoplastyc\">\n                                                        <span class=\"btn-label\">\u00a1\u00danase a nosotros!<\/span>\n                        <\/a>\n                                            <\/div>\n                    \n                <\/div>\n\n            <\/div>\n\n\n        <div class=\"block block--imagecarrossel \" id=\"imagecarrossel-block_cd596c4ac481004c200b93efd2ca4964\">\n\n        <div class=\"container\">\n\n            <div class=\"imagecarrossel-slider swiper\">\n                <div class=\"swiper-wrapper\">\n\n                                        <div class=\"swiper-slide\">\n\n                        <div class=\"block imagecarrossel-image\">                \n\n                            <img decoding=\"async\" src=\"https:\/\/rotoplastyc.com.br\/wp-content\/uploads\/2025\/03\/rotoplastyc-componentes-25-anos-rotoplastyc.jpg\" alt=\"25 Anos Rotoplastyc\">                \n\n                        <\/div> \n\n                    <\/div>\n                    \n                <\/div>\n\n                <div class=\"swiper-navigation\">\n                    <div class=\"swiper-pagination\"><\/div>\n                    <div class=\"swiper-button-prev\"><i class=\"icon-arrow-left\"><\/i><\/div>\n                    <div class=\"swiper-button-next\"><i class=\"icon-arrow-right\"><\/i><\/div>\n                <\/div>\n\n            <\/div>\n\n        <\/div>\n\n    <\/div>\n    \n\n\n\t\t\t<div id=\"conozca-nuestros-beneficios\" class=\"block block--icons  icons-list icons-left \" >\n\n\t\t\t\t<div class=\"container\"> \n\n\t\t\t\t\t\t\t\t\t\t<div class=\"block--heading\">                        \n\t\t\t\t\t\t<h2 class=\"block--title\">Conozca nuestros beneficios<\/h2>\n                    <\/div>\n\t\t\t\t\t                \n  \n\n\t\t\t\t\t<div class=\"icons-slider swiper icons-slider--list\" data-autoplay=\"5000\" >\n\t\t\t\t\t\t<div class=\"swiper-wrapper\">\n                        \n        \n\t\t                \t\t\t\t                                        \n\n\t\t\t\t\t\t\t<div class=\"swiper-slide\">\n\t\t\t\t\t\t\t\t\t\t\t\t\t\t\t\t<div class=\"icons--item\">\t\t\t\t\t\t\t\t\t\n\t\t\t\t\t\t\t\t\t<div class=\"icons--image\">                                                                            \n\t\t\t\t\t\t\t\t\t\t\t\t<img decoding=\"async\" src=\"https:\/\/rotoplastyc.com.br\/wp-content\/uploads\/2025\/03\/rotoplastyc.com.br-carreiras-refeicao.png\" alt=\"Refeicao\">\n\t\t\t\t\t\t\t\t\t\t\t\t\n\t\t\t\t\t\t\t\t\t<\/div>       \n\t\t\t\t\t\t\t\t\t<h3 class=\"icons--title\">Vale Alimentaci\u00f3n<\/h3>\n\t\t\t\t\t\t\t\t\t<p>Nota: Vale presencia<\/p>\n\t\t\t\t\t\t\t\t<\/div>\n\t\t\t\t\t\t\t\t\t\t\t\t\t\t\t<\/div>\n                    \n\t    \n\t\t                \t\t\t\t                                        \n\n\t\t\t\t\t\t\t<div class=\"swiper-slide\">\n\t\t\t\t\t\t\t\t\t\t\t\t\t\t\t\t<div class=\"icons--item\">\t\t\t\t\t\t\t\t\t\n\t\t\t\t\t\t\t\t\t<div class=\"icons--image\">                                                                            \n\t\t\t\t\t\t\t\t\t\t\t\t<img decoding=\"async\" src=\"https:\/\/rotoplastyc.com.br\/wp-content\/uploads\/2025\/03\/rotoplastyc.com.br-carreiras-educacao.png\" alt=\"educacao\">\n\t\t\t\t\t\t\t\t\t\t\t\t\n\t\t\t\t\t\t\t\t\t<\/div>       \n\t\t\t\t\t\t\t\t\t<h3 class=\"icons--title\">Auxilio educaci\u00f3n<\/h3>\n\t\t\t\t\t\t\t\t\t\t\t\t\t\t\t\t\t<\/div>\n\t\t\t\t\t\t\t\t\t\t\t\t\t\t\t<\/div>\n                    \n\t    \n\t\t                \t\t\t\t                                        \n\n\t\t\t\t\t\t\t<div class=\"swiper-slide\">\n\t\t\t\t\t\t\t\t\t\t\t\t\t\t\t\t<div class=\"icons--item\">\t\t\t\t\t\t\t\t\t\n\t\t\t\t\t\t\t\t\t<div class=\"icons--image\">                                                                            \n\t\t\t\t\t\t\t\t\t\t\t\t<img decoding=\"async\" src=\"https:\/\/rotoplastyc.com.br\/wp-content\/uploads\/2025\/03\/rotoplastyc.com.br-carreiras-ppa-2.png\" alt=\"PPA (2)\">\n\t\t\t\t\t\t\t\t\t\t\t\t\n\t\t\t\t\t\t\t\t\t<\/div>       \n\t\t\t\t\t\t\t\t\t<h3 class=\"icons--title\">Convenio con farmacias<\/h3>\n\t\t\t\t\t\t\t\t\t\t\t\t\t\t\t\t\t<\/div>\n\t\t\t\t\t\t\t\t\t\t\t\t\t\t\t<\/div>\n                    \n\t    \n\t\t                \t\t\t\t                                        \n\n\t\t\t\t\t\t\t<div class=\"swiper-slide\">\n\t\t\t\t\t\t\t\t\t\t\t\t\t\t\t\t<div class=\"icons--item\">\t\t\t\t\t\t\t\t\t\n\t\t\t\t\t\t\t\t\t<div class=\"icons--image\">                                                                            \n\t\t\t\t\t\t\t\t\t\t\t\t<img decoding=\"async\" src=\"https:\/\/rotoplastyc.com.br\/wp-content\/uploads\/2025\/03\/rotoplastyc.com.br-carreiras-universidade.png\" alt=\"universidade\">\n\t\t\t\t\t\t\t\t\t\t\t\t\n\t\t\t\t\t\t\t\t\t<\/div>       \n\t\t\t\t\t\t\t\t\t<h3 class=\"icons--title\">Universidad corporativa<\/h3>\n\t\t\t\t\t\t\t\t\t\t\t\t\t\t\t\t\t<\/div>\n\t\t\t\t\t\t\t\t\t\t\t\t\t\t\t<\/div>\n                    \n\t    \n\t\t                \t\t\t\t                                        \n\n\t\t\t\t\t\t\t<div class=\"swiper-slide\">\n\t\t\t\t\t\t\t\t\t\t\t\t\t\t\t\t<div class=\"icons--item\">\t\t\t\t\t\t\t\t\t\n\t\t\t\t\t\t\t\t\t<div class=\"icons--image\">                                                                            \n\t\t\t\t\t\t\t\t\t\t\t\t<img decoding=\"async\" src=\"https:\/\/rotoplastyc.com.br\/wp-content\/uploads\/2025\/03\/rotoplastyc.com.br-carreiras-ppa.png\" alt=\"PPA\">\n\t\t\t\t\t\t\t\t\t\t\t\t\n\t\t\t\t\t\t\t\t\t<\/div>       \n\t\t\t\t\t\t\t\t\t<h3 class=\"icons--title\">PPR (Participaci\u00f3n en las Ganancias y Resultados)<\/h3>\n\t\t\t\t\t\t\t\t\t\t\t\t\t\t\t\t\t<\/div>\n\t\t\t\t\t\t\t\t\t\t\t\t\t\t\t<\/div>\n                    \n\t    \n\t\t                \t\t\t\t                                        \n\n\t\t\t\t\t\t\t<div class=\"swiper-slide\">\n\t\t\t\t\t\t\t\t\t\t\t\t\t\t\t\t<div class=\"icons--item\">\t\t\t\t\t\t\t\t\t\n\t\t\t\t\t\t\t\t\t<div class=\"icons--image\">                                                                            \n\t\t\t\t\t\t\t\t\t\t\t\t<img decoding=\"async\" src=\"https:\/\/rotoplastyc.com.br\/wp-content\/uploads\/2025\/03\/rotoplastyc.com.br-carreiras-ppa-1.png\" alt=\"PPA (1)\">\n\t\t\t\t\t\t\t\t\t\t\t\t\n\t\t\t\t\t\t\t\t\t<\/div>       \n\t\t\t\t\t\t\t\t\t<h3 class=\"icons--title\">Day Off<\/h3>\n\t\t\t\t\t\t\t\t\t\t\t\t\t\t\t\t\t<\/div>\n\t\t\t\t\t\t\t\t\t\t\t\t\t\t\t<\/div>\n                    \n\t    \n\t\t                \t\t\t\t                                        \n\n\t\t\t\t\t\t\t<div class=\"swiper-slide\">\n\t\t\t\t\t\t\t\t\t\t\t\t\t\t\t\t<div class=\"icons--item\">\t\t\t\t\t\t\t\t\t\n\t\t\t\t\t\t\t\t\t<div class=\"icons--image\">                                                                            \n\t\t\t\t\t\t\t\t\t\t\t\t<img decoding=\"async\" src=\"https:\/\/rotoplastyc.com.br\/wp-content\/uploads\/2025\/03\/rotoplastyc.com.br-carreiras-ondonto.png\" alt=\"Ondonto\">\n\t\t\t\t\t\t\t\t\t\t\t\t\n\t\t\t\t\t\t\t\t\t<\/div>       \n\t\t\t\t\t\t\t\t\t<h3 class=\"icons--title\">Convenio Odontol\u00f3gico<\/h3>\n\t\t\t\t\t\t\t\t\t\t\t\t\t\t\t\t\t<\/div>\n\t\t\t\t\t\t\t\t\t\t\t\t\t\t\t<\/div>\n                    \n\t    \n\t\t                \t\t\t\t                                        \n\n\t\t\t\t\t\t\t<div class=\"swiper-slide\">\n\t\t\t\t\t\t\t\t\t\t\t\t\t\t\t\t<div class=\"icons--item\">\t\t\t\t\t\t\t\t\t\n\t\t\t\t\t\t\t\t\t<div class=\"icons--image\">                                                                            \n\t\t\t\t\t\t\t\t\t\t\t\t<img decoding=\"async\" src=\"https:\/\/rotoplastyc.com.br\/wp-content\/uploads\/2025\/03\/rotoplastyc.com.br-carreiras-universidade-1.png\" alt=\"universidade (1)\">\n\t\t\t\t\t\t\t\t\t\t\t\t\n\t\t\t\t\t\t\t\t\t<\/div>       \n\t\t\t\t\t\t\t\t\t<h3 class=\"icons--title\">Seguro de Vida<\/h3>\n\t\t\t\t\t\t\t\t\t\t\t\t\t\t\t\t\t<\/div>\n\t\t\t\t\t\t\t\t\t\t\t\t\t\t\t<\/div>\n                    \n\t\n\t\t\t\t\t\t<\/div>\n\n\t\t\t\t\t\t\t\t\t\t\t\t<div class=\"swiper-pagination\"><\/div>\n\t\t\t\t\t\t\n\t\t\t\t\t\t\n\t\t\t\t\t<\/div>\n                \n\n\t\t\t\t<\/div>\n\n            <\/div>\n\n\n<div id=\"content-block_091256c25290978fa9e42070671f0600\" class=\"block block--video \">\n    \n    <a data-fancybox=\"video-modal\" data-caption=\"Mire el video y conozca nuestra *historia.*\" href=\"https:\/\/www.youtube.com\/watch?v=V4uTBH4Q3LY\">        \n                <span class=\"block--title\">Mire el video y conozca nuestra <span>historia.<\/span><\/span>\n        \n        <span class=\"btn-primary btn-rounded\"><i class=\"icon-play\"><\/i> Ver v\u00eddeo<span>         \n    <\/a>    \n\n            \n    <img decoding=\"async\" src=\"https:\/\/rotoplastyc.com.br\/wp-content\/uploads\/2025\/03\/rotoplastyc-componentes-video-2.jpg\" alt=\"video\">        \n    \n<\/div>\n\n\n\t\t\t<div id=\"preguntas-frecuentes\" class=\"block block--faq\">\n\n                <div class=\"container\">\n\n\n            \t\t\t\t\n\t\t\t\t\t<div class=\"block--heading\">\n                        \n                        <h2 class=\"block--title\">Preguntas Frecuentes<\/h2>                        \n\n                    <\/div>\n\t\t\t\t\n                    \n\n                    <div class=\"block--content\">\n\n                        <div class=\"faq--list col-12\">\n\n\t\t\t\t\t\t\t\t<div id=\"como-funciona-el-proceso-selectivo\" class=\"faq--item open\">\n\n                                <h3 class=\"faq--question\"><span>01<\/span> \u00bfC\u00f3mo funciona el proceso selectivo?<\/h3>\n                                <div class=\"faq--content\" style=\"display: block;\">\n\t\t\t\t\t\t\t\t\t<p>El proceso de selecci\u00f3n comienza con el env\u00edo del curr\u00edculum, que luego pasar\u00e1 por un an\u00e1lisis inicial para verificar la compatibilidad con la vacante. En el caso de que el perfil se ajuste, el candidato ser\u00e1 llamado a una entrevista, que puede incluir pruebas t\u00e9cnicas o de comportamiento, en funci\u00f3nde los requisitos del puesto. Adem\u00e1s, en algunas etapas, el candidato puede tener la oportunidad de conocer mejor el \u00e1rea y las actividades del cargo. Independientemente del resultado, el candidato recibir\u00e1 un retorno de nuestra parte, sea positiva o negativa.<\/p>\n\t\t\t\t\t\t\t\t\t\n\t\t\t\t\t\t\t\t\t\n                                <\/div>\n\n                            <\/div>\t\t\t\t\t\n\t\t\t\t\t\t\t\t\t<div id=\"puedo-candidatarme-a-varias-vacantes-al-mismo-tiempo\" class=\"faq--item \">\n\n                                <h3 class=\"faq--question\"><span>02<\/span> \u00bfPuedo candidatarme a varias vacantes al mismo tiempo?<\/h3>\n                                <div class=\"faq--content\" style=\"display: none;\">\n\t\t\t\t\t\t\t\t\t<p>S\u00ed, puedes candidatarte a m\u00e1s de una vacante simult\u00e1neamente. Cada candidatura ser\u00e1 analizada individualmente, considerando la compatibilidad del perfil profesional con los requisitos de las oportunidades disponibles. Cuando el candidato sea elegible para m\u00e1s de una posici\u00f3n, el equipo de reclutamiento entrar\u00e1 en contacto para continuar el proceso.<\/p>\n\t\t\t\t\t\t\t\t\t\n\t\t\t\t\t\t\t\t\t\n                                <\/div>\n\n                            <\/div>\t\t\t\t\t\n\t\t\t\t\t\t\t\t\t<div id=\"puedo-actualizar-mi-candidatura-despues-de-la-inscripcion\" class=\"faq--item \">\n\n                                <h3 class=\"faq--question\"><span>03<\/span> \u00bfPuedo actualizar mi candidatura despu\u00e9s de la inscripci\u00f3n?<\/h3>\n                                <div class=\"faq--content\" style=\"display: none;\">\n\t\t\t\t\t\t\t\t\t<p>S\u00ed. Despu\u00e9s de la inscripci\u00f3n, es posible actualizar los datos de la candidatura a trav\u00e9s de la plataforma Jobify. En el caso de que usted tenga nuevas experiencias, cursos o informaciones relevantes para la vacante, le recomendamos que mantenga su perfil siempre actualizado para aumentar sus chances de \u00e9xito en el proceso de selecci\u00f3n.<\/p>\n\t\t\t\t\t\t\t\t\t\n\t\t\t\t\t\t\t\t\t\n                                <\/div>\n\n                            <\/div>\t\t\t\t\t\n\t\t\t\t\t\t\t\t\t<div id=\"hay-oportunidades-para-trabajar-de-forma-remota-o-hibrida\" class=\"faq--item \">\n\n                                <h3 class=\"faq--question\"><span>04<\/span> \u00bfHay oportunidades para trabajar de forma remota o h\u00edbrida?<\/h3>\n                                <div class=\"faq--content\" style=\"display: none;\">\n\t\t\t\t\t\t\t\t\t<p>Actualmente, todas nuestras operaciones se llevan a cabo de forma 100% presencial, tanto en la unidad de Carazinho como en la unidad de Curitiba. Creemos que el trabajo presencial fortalece la colaboraci\u00f3n entre los equipos y contribuye a un ambiente din\u00e1mico y productivo. Sin embargo, siempre evaluamos nuevas tendencias y, en el caso de que haya futuros cambios en este modelo, lo informaremos en nuestros canales oficiales.<\/p>\n\t\t\t\t\t\t\t\t\t\n\t\t\t\t\t\t\t\t\t\n                                <\/div>\n\n                            <\/div>\t\t\t\t\t\n\t\t\t\t\t\t\t\t\t<div id=\"la-empresa-ofrece-programas-de-desarrollo-profesional\" class=\"faq--item \">\n\n                                <h3 class=\"faq--question\"><span>05<\/span> \u00bfLa empresa ofrece programas de desarrollo profesional?<\/h3>\n                                <div class=\"faq--content\" style=\"display: none;\">\n\t\t\t\t\t\t\t\t\t<p>S\u00ed, ofrecemos diversos programas de desarrollo. Incluso, uno de nuestros beneficios es la Universidad Corporativa. Una plataforma con m\u00e1s de 250 cursos. Adem\u00e1s de programas de desarrollo presenciales.<\/p>\n<p>En Rotoplastyc, el desarrollo y la valorizaci\u00f3n de las personas son pilares fundamentales para el \u00e9xito de nuestra organizaci\u00f3n. Nuestra visi\u00f3n del futuro est\u00e1 directamente conectada con el crecimiento interno y el fortalecimiento de nuestros talentos. Con este objetivo, invertimos en el crecimiento profesional y personal de nuestros funcionarios, no solo contribuyendo a la formaci\u00f3n de equipos m\u00e1s cualificados y motivados, sino tambi\u00e9n para fortalecer el compromiso y el sentimiento de pertenencia.<\/p>\n\t\t\t\t\t\t\t\t\t\n\t\t\t\t\t\t\t\t\t\n                                <\/div>\n\n                            <\/div>\t\t\t\t\t\n\t\t\t\t\t\t\t\t                            \n\n                        <\/div>\n\n                    <\/div>\n\n                <\/div>\n\n            <\/div>\n\n\n\n\t\t\t<div class=\"block block--banner default background-merge\" id=\"unase-a-rotoplastyc-y-construya-su-futuro-con-nosotros\">\n\n                <div class=\"container\">\n\n                    <div class=\"banner--wrap\">\n\n                        <div class=\"banner--content\">\n                            <h2 class=\"block--title\">\u00danase a Rotoplastyc y construya su futuro con nosotros.<\/h2>\n                        <\/div>\n\n                        <div class=\"banner--content\">\n                            <p>\u00danase a Rotoplastyc y construya su futuro con nosotros. Por esta raz\u00f3n, invertimos en un ambiente de trabajo que promueve la colaboraci\u00f3n, la innovaci\u00f3n y el desarrollo continuo. Estamos buscando profesionales talentosos y motivados que quieran unirse a nuestro equipo y crecer con nosotros.<\/p>\n\n  \n\t\t\t\t\t\t\t<a href=\"https:\/\/app.jobfy.pro\/rotoplastyc\"  title=\"\u00a1\u00danase a nosotros!\" class=\"btn btn-primary\">\n                                <i class=\"icon-arrow-right\"><\/i>\n                                \u00a1\u00danase a nosotros!                            <\/a>\n                        <\/div>\n\n                <img decoding=\"async\" src=\"https:\/\/rotoplastyc.com.br\/wp-content\/uploads\/2025\/03\/rotoplastyc-componentes-03-2.png\" alt=\"03 2\">\n\n                    <\/div>\n\n                <\/div>                \n\n            <\/div>","protected":false},"excerpt":{"rendered":"","protected":false},"author":2,"featured_media":0,"parent":0,"menu_order":0,"comment_status":"closed","ping_status":"closed","template":"","meta":{"_acf_changed":false,"footnotes":""},"class_list":["post-22254","page","type-page","status-publish","hentry"],"acf":[],"yoast_head":"<!-- This site is optimized with the Yoast SEO plugin v27.5 - https:\/\/yoast.com\/product\/yoast-seo-wordpress\/ -->\n<title>Carreras - Rotoplastyc<\/title>\n<meta name=\"robots\" content=\"index, follow, max-snippet:-1, max-image-preview:large, max-video-preview:-1\" \/>\n<link rel=\"canonical\" href=\"https:\/\/rotoplastyc.com.br\/es\/carreras\/\" \/>\n<meta property=\"og:locale\" content=\"es_ES\" \/>\n<meta property=\"og:type\" content=\"article\" \/>\n<meta property=\"og:title\" content=\"Carreras - Rotoplastyc\" \/>\n<meta property=\"og:url\" content=\"https:\/\/rotoplastyc.com.br\/es\/carreras\/\" \/>\n<meta property=\"og:site_name\" content=\"Rotoplastyc\" \/>\n<meta property=\"article:modified_time\" content=\"2025-04-07T13:13:57+00:00\" \/>\n<meta name=\"twitter:card\" content=\"summary_large_image\" \/>\n<script type=\"application\/ld+json\" class=\"yoast-schema-graph\">{\"@context\":\"https:\\\/\\\/schema.org\",\"@graph\":[{\"@type\":\"WebPage\",\"@id\":\"https:\\\/\\\/rotoplastyc.com.br\\\/es\\\/carreras\\\/\",\"url\":\"https:\\\/\\\/rotoplastyc.com.br\\\/es\\\/carreras\\\/\",\"name\":\"Carreras - Rotoplastyc\",\"isPartOf\":{\"@id\":\"https:\\\/\\\/rotoplastyc.com.br\\\/es\\\/#website\"},\"datePublished\":\"2025-03-08T16:22:35+00:00\",\"dateModified\":\"2025-04-07T13:13:57+00:00\",\"breadcrumb\":{\"@id\":\"https:\\\/\\\/rotoplastyc.com.br\\\/es\\\/carreras\\\/#breadcrumb\"},\"inLanguage\":\"es\",\"potentialAction\":[{\"@type\":\"ReadAction\",\"target\":[\"https:\\\/\\\/rotoplastyc.com.br\\\/es\\\/carreras\\\/\"]}]},{\"@type\":\"BreadcrumbList\",\"@id\":\"https:\\\/\\\/rotoplastyc.com.br\\\/es\\\/carreras\\\/#breadcrumb\",\"itemListElement\":[{\"@type\":\"ListItem\",\"position\":1,\"name\":\"Home\",\"item\":\"https:\\\/\\\/rotoplastyc.com.br\\\/es\\\/\"},{\"@type\":\"ListItem\",\"position\":2,\"name\":\"Carreras\"}]},{\"@type\":\"WebSite\",\"@id\":\"https:\\\/\\\/rotoplastyc.com.br\\\/es\\\/#website\",\"url\":\"https:\\\/\\\/rotoplastyc.com.br\\\/es\\\/\",\"name\":\"Rotoplastyc\",\"description\":\"Empresa de rotomoldagem para ind\u00fastria\",\"potentialAction\":[{\"@type\":\"SearchAction\",\"target\":{\"@type\":\"EntryPoint\",\"urlTemplate\":\"https:\\\/\\\/rotoplastyc.com.br\\\/es\\\/?s={search_term_string}\"},\"query-input\":{\"@type\":\"PropertyValueSpecification\",\"valueRequired\":true,\"valueName\":\"search_term_string\"}}],\"inLanguage\":\"es\"}]}<\/script>\n<!-- \/ Yoast SEO plugin. -->","yoast_head_json":{"title":"Carreras - Rotoplastyc","robots":{"index":"index","follow":"follow","max-snippet":"max-snippet:-1","max-image-preview":"max-image-preview:large","max-video-preview":"max-video-preview:-1"},"canonical":"https:\/\/rotoplastyc.com.br\/es\/carreras\/","og_locale":"es_ES","og_type":"article","og_title":"Carreras - Rotoplastyc","og_url":"https:\/\/rotoplastyc.com.br\/es\/carreras\/","og_site_name":"Rotoplastyc","article_modified_time":"2025-04-07T13:13:57+00:00","twitter_card":"summary_large_image","schema":{"@context":"https:\/\/schema.org","@graph":[{"@type":"WebPage","@id":"https:\/\/rotoplastyc.com.br\/es\/carreras\/","url":"https:\/\/rotoplastyc.com.br\/es\/carreras\/","name":"Carreras - Rotoplastyc","isPartOf":{"@id":"https:\/\/rotoplastyc.com.br\/es\/#website"},"datePublished":"2025-03-08T16:22:35+00:00","dateModified":"2025-04-07T13:13:57+00:00","breadcrumb":{"@id":"https:\/\/rotoplastyc.com.br\/es\/carreras\/#breadcrumb"},"inLanguage":"es","potentialAction":[{"@type":"ReadAction","target":["https:\/\/rotoplastyc.com.br\/es\/carreras\/"]}]},{"@type":"BreadcrumbList","@id":"https:\/\/rotoplastyc.com.br\/es\/carreras\/#breadcrumb","itemListElement":[{"@type":"ListItem","position":1,"name":"Home","item":"https:\/\/rotoplastyc.com.br\/es\/"},{"@type":"ListItem","position":2,"name":"Carreras"}]},{"@type":"WebSite","@id":"https:\/\/rotoplastyc.com.br\/es\/#website","url":"https:\/\/rotoplastyc.com.br\/es\/","name":"Rotoplastyc","description":"Empresa de rotomoldagem para ind\u00fastria","potentialAction":[{"@type":"SearchAction","target":{"@type":"EntryPoint","urlTemplate":"https:\/\/rotoplastyc.com.br\/es\/?s={search_term_string}"},"query-input":{"@type":"PropertyValueSpecification","valueRequired":true,"valueName":"search_term_string"}}],"inLanguage":"es"}]}},"_links":{"self":[{"href":"https:\/\/rotoplastyc.com.br\/es\/wp-json\/wp\/v2\/pages\/22254","targetHints":{"allow":["GET"]}}],"collection":[{"href":"https:\/\/rotoplastyc.com.br\/es\/wp-json\/wp\/v2\/pages"}],"about":[{"href":"https:\/\/rotoplastyc.com.br\/es\/wp-json\/wp\/v2\/types\/page"}],"author":[{"embeddable":true,"href":"https:\/\/rotoplastyc.com.br\/es\/wp-json\/wp\/v2\/users\/2"}],"replies":[{"embeddable":true,"href":"https:\/\/rotoplastyc.com.br\/es\/wp-json\/wp\/v2\/comments?post=22254"}],"version-history":[{"count":6,"href":"https:\/\/rotoplastyc.com.br\/es\/wp-json\/wp\/v2\/pages\/22254\/revisions"}],"predecessor-version":[{"id":22261,"href":"https:\/\/rotoplastyc.com.br\/es\/wp-json\/wp\/v2\/pages\/22254\/revisions\/22261"}],"wp:attachment":[{"href":"https:\/\/rotoplastyc.com.br\/es\/wp-json\/wp\/v2\/media?parent=22254"}],"curies":[{"name":"wp","href":"https:\/\/api.w.org\/{rel}","templated":true}]}}