{"id":22297,"date":"2025-03-08T12:57:19","date_gmt":"2025-03-08T15:57:19","guid":{"rendered":"https:\/\/rotoplastyc.com.br\/?page_id=22297"},"modified":"2025-04-28T15:56:39","modified_gmt":"2025-04-28T18:56:39","slug":"segmentos","status":"publish","type":"page","link":"https:\/\/rotoplastyc.com.br\/es\/segmentos\/","title":{"rendered":"Segmentos"},"content":{"rendered":"\n\t\t\t<div id=\"segmentos-atendidos\" class=\"block block--page-heading  \" >\n\n                <div class=\"container\">                                         \n\n                                           \n                    <h1 class=\"block--headline\">SEGMENTOS<\/h1>                                               \n                    \n                                           \n                    <h2 class=\"block--title\">Segmentos atendidos<\/h2>     \n                                            \n\n                                            \n\n                    \n                    \n                <\/div>\n\n            <\/div>\n\n\n\t\t\t<div class=\"block block--accordion\" id=\"accordion-block_f59c17bb5da140387776e9af7c568b2e\">\n\n                <div class=\"block--heading\">\n                                    <\/div>\n\n                <div class=\"container\">        \n                    \n                    \n                    <div class=\"accordion-slider swiper\">\n                        <div class=\"swiper-wrapper\">\n\n                                                        <div class=\"swiper-slide\">\n\n                                <div class=\"block accordion-image\">                \n\n                                    <img decoding=\"async\" src=\"https:\/\/rotoplastyc.com.br\/wp-content\/uploads\/2025\/03\/rotoplastyc-componentes-acordeon.png\" alt=\"acordeon\">                \n\n                                <\/div> \n\n                            <\/div>\n                                                        <div class=\"swiper-slide\">\n\n                                <div class=\"block accordion-image\">                \n\n                                    <img decoding=\"async\" src=\"https:\/\/rotoplastyc.com.br\/wp-content\/uploads\/2025\/03\/rotoplastyc.com.br-segmentos-segmentos-tanque-de-combustivel-1.png\" alt=\"segmentos-tanque-de-combustivel-1\">                \n\n                                <\/div> \n\n                            <\/div>\n                                                        <div class=\"swiper-slide\">\n\n                                <div class=\"block accordion-image\">                \n\n                                    <img decoding=\"async\" src=\"https:\/\/rotoplastyc.com.br\/wp-content\/uploads\/2025\/03\/rotoplastyc.com.br-segmentos-poco-de-visita-1-e1741870861913.png\" alt=\"Po\u00e7o de Visita (1)\">                \n\n                                <\/div> \n\n                            <\/div>\n                                                        <div class=\"swiper-slide\">\n\n                                <div class=\"block accordion-image\">                \n\n                                    <img decoding=\"async\" src=\"https:\/\/rotoplastyc.com.br\/wp-content\/uploads\/2024\/01\/rotoplastyc-blog-oem-janeiro-1-blog-oem-janeiro-1.png\" alt=\"Vantagens da rotomoldagem para constru\u00e7\u00e3o civil\">                \n\n                                <\/div> \n\n                            <\/div>\n                                                        <div class=\"swiper-slide\">\n\n                                <div class=\"block accordion-image\">                \n\n                                    <img decoding=\"async\" src=\"https:\/\/rotoplastyc.com.br\/wp-content\/uploads\/2025\/03\/rotoplastyc-segmentos-group-trucks-parked-line-truck-stop-scaled.jpg\" alt=\"Group of trucks parked in line at truck stop.\">                \n\n                                <\/div> \n\n                            <\/div>\n                                                        <div class=\"swiper-slide\">\n\n                                <div class=\"block accordion-image\">                \n\n                                    <img decoding=\"async\" src=\"https:\/\/rotoplastyc.com.br\/wp-content\/uploads\/2025\/03\/rotoplastyc.com.br-segmentos-escavadeira-scaled.jpg\" alt=\"Escavadeira\">                \n\n                                <\/div> \n\n                            <\/div>\n                            \n                        <\/div>\n\n                        <div class=\"swiper-navigation\">\n                            <div class=\"swiper-pagination\"><\/div>\n                            <div class=\"swiper-button-prev\"><i class=\"icon-arrow-left\"><\/i><\/div>\n                            <div class=\"swiper-button-next\"><i class=\"icon-arrow-right\"><\/i><\/div>\n                        <\/div>\n\n                    <\/div>\n\n                                        \n                    \n                    <div class=\"accordion--content\">\n                        \n                        <div class=\"accordion--tabs\">\n                                                    \n                                \n\n                            <div class=\"accordion--tab open\">\n                                <h3 class=\"accordion--tab-title\">\n                                    <i class=\"icon-tractor\"><\/i>\n                                    Agricola                                <\/h3>\n                                <div class=\"accordion--tab-content\">\n                                    <p>Desde hace m\u00e1s de 25 a\u00f1os atendemos diversas empresas nacionales y multinacion les del segmento agr\u00edcola, ofreciendo soluciones en piezas t\u00e9cnicas rotomoldea as. Nuestros clientes desarrollan m\u00e1quinas que plantan, pulverizan y cosechan. Por esta raz\u00f3n, estamos presentes en miles de propiedades rurales en todo Brasil.<\/p>\n                                <\/div>\n                            <\/div>\t    \n                            \n                                \n\n                            <div class=\"accordion--tab \">\n                                <h3 class=\"accordion--tab-title\">\n                                    <i class=\"icon-fuel\"><\/i>\n                                    Tanques de combustibles e hidr\u00e1ulicos                                <\/h3>\n                                <div class=\"accordion--tab-content\">\n                                    <p>Contamos con una l\u00ednea de trabajo exclusiva para tanques de combustibles e hidr\u00e1ulicos, asegurando la<br \/>\nentrega de las piezas con total calidad.<\/p>\n                                <\/div>\n                            <\/div>\t    \n                            \n                                \n\n                            <div class=\"accordion--tab \">\n                                <h3 class=\"accordion--tab-title\">\n                                    <i class=\"icon-water\"><\/i>\n                                    Saneamento                                <\/h3>\n                                <div class=\"accordion--tab-content\">\n                                    <p>Desarrollamos proyectos de reservatorios, pozo de visita y de inspecci\u00f3n y otros componentes t\u00e9cnicos proyectados para asegurar eficiencia, resistencia y sostenibilidad. Con tecnolog\u00eda avanzada y compromiso con la calidad, ayudamos a mejorar la infraestructura de saneamiento, promoviendo soluciones que suplen las necesidades de gesti\u00f3n h\u00eddrica con excelencia.<\/p>\n                                <\/div>\n                            <\/div>\t    \n                            \n                                \n\n                            <div class=\"accordion--tab \">\n                                <h3 class=\"accordion--tab-title\">\n                                    <i class=\"icon-engineer\"><\/i>\n                                    Construcci\u00f3n Civil                                <\/h3>\n                                <div class=\"accordion--tab-content\">\n                                    <p>Desarrollamos productos a medida, como reservatorios, caja de paso y componentes t\u00e9cnicos, que suplen las necesidades espec\u00edficas de cada proyecto, asegurando eficiencia y durabilidad. Contribuimos a la ejecuci\u00f3n de obras m\u00e1s seguras, sostenibles y acordes a las exigencias del mercado.<\/p>\n                                <\/div>\n                            <\/div>\t    \n                            \n                                \n\n                            <div class=\"accordion--tab \">\n                                <h3 class=\"accordion--tab-title\">\n                                    <i class=\"icon-truck\"><\/i>\n                                    Vial                                <\/h3>\n                                <div class=\"accordion--tab-content\">\n                                    <p>Ofrecemos proyectos personalizados, como tanques de combustible, cajas de herramientas y suministros, guardabarros y otros componentes t\u00e9cnicos, dise\u00f1ados para cumplir con los requisitos espec\u00edficos del sector. Enfocados en la eficiencia y la resistencia de los productos, contribuimos al desempe\u00f1o y la seguridad de veh\u00edculos y equipamientos viales, garantizando excelencia en cada entrega.<\/p>\n<p>&nbsp;<\/p>\n                                <\/div>\n                            <\/div>\t    \n                            \n                                \n\n                            <div class=\"accordion--tab \">\n                                <h3 class=\"accordion--tab-title\">\n                                    <i class=\"icon-tractor\"><\/i>\n                                    L\u00ednea amarilla                                <\/h3>\n                                <div class=\"accordion--tab-content\">\n                                    <p>Ofrecemos soluciones personalizadas para satisfacer las necesidades de la l\u00ednea amarilla. Con un proceso de desarrollo consultivo, contribuimos al desempe\u00f1o y la seguridad de los equipos , garantizando excelencia y calidad en cada entrega.<\/p>\n                                <\/div>\n                            <\/div>\t    \n                            \n                            \n                        <\/div>\n                        \n                    <\/div>\n                    \n                    \n                <\/div>\n\n            <\/div>\n\n\n<div id=\"content-block_2319647015f3bed5cb83b277f9dc34e6\" class=\"block block--imagefull \">\n\n    <div class=\"block--image\">                        \n                <img decoding=\"async\" src=\"https:\/\/rotoplastyc.com.br\/wp-content\/uploads\/2025\/03\/rotoplastyc-componentes-13b6d234c5fb80b4904ac2ff87ef0f03.png\" alt=\"13b6d234c5fb80b4904ac2ff87ef0f03\">\n            <\/div>\n\n<\/div>\n\n\n\t\t\t<div id=\"logos-block_d0218c479afa45d6b7ba93c77f743851\" class=\"block block--logos logos-swiper background-color\" style=\"--color: #f6f6f6\">\n\n                <div class=\"container\"> \n\n\t\t\t\t\t\t\t\t\t\t<div class=\"block--heading\">\n                        \n                        <h2 class=\"block--title\">Nuestros clientes<\/h2>                        \n\n                    <\/div>\n\t\t\t\t\t\n                    <div class=\"logos-slider swiper\" >\n\n                        <div class=\"swiper-wrapper\">\n                            \n\t\t\t\t\t\t\n\t\t\t\t\t\t\t    \n\t\t\t\t\t\t\t<div class=\"swiper-slide\">\n\n                                <div class=\"logos--item\">                                    \n\t\t\t\t\t\t\t\t\n\t\t\t\t\t\t\t\t\t\n\t\t\t\t\t\t\t\t\t\t\t\t\t\t\t\t\t\t\t\t<img decoding=\"async\" src=\"https:\/\/rotoplastyc.com.br\/wp-content\/uploads\/2025\/03\/rotoplastyc-componentes-logo4.png\" alt=\"logo4\">\n\t\t\t\t\t\t\t\t\t\t\n\t\t\t\t\t\t\t\t\t\t\t\t\t\t\t\t\t\n        \n                                <\/div>\n\n                            <\/div>\n    \n    \t\t\t\t\t\n\t\t\t\t\t\t\t    \n\t\t\t\t\t\t\t<div class=\"swiper-slide\">\n\n                                <div class=\"logos--item\">                                    \n\t\t\t\t\t\t\t\t\n\t\t\t\t\t\t\t\t\t\n\t\t\t\t\t\t\t\t\t\t\t\t\t\t\t\t\t\t\t\t<img decoding=\"async\" src=\"https:\/\/rotoplastyc.com.br\/wp-content\/uploads\/2025\/03\/rotoplastyc-componentes-logo3.png\" alt=\"logo3\">\n\t\t\t\t\t\t\t\t\t\t\n\t\t\t\t\t\t\t\t\t\t\t\t\t\t\t\t\t\n        \n                                <\/div>\n\n                            <\/div>\n    \n    \t\t\t\t\t\n\t\t\t\t\t\t\t    \n\t\t\t\t\t\t\t<div class=\"swiper-slide\">\n\n                                <div class=\"logos--item\">                                    \n\t\t\t\t\t\t\t\t\n\t\t\t\t\t\t\t\t\t\n\t\t\t\t\t\t\t\t\t\t\t\t\t\t\t\t\t\t\t\t<img decoding=\"async\" src=\"https:\/\/rotoplastyc.com.br\/wp-content\/uploads\/2025\/03\/rotoplastyc-componentes-logo2.png\" alt=\"logo2\">\n\t\t\t\t\t\t\t\t\t\t\n\t\t\t\t\t\t\t\t\t\t\t\t\t\t\t\t\t\n        \n                                <\/div>\n\n                            <\/div>\n    \n    \t\t\t\t\t\n\t\t\t\t\t\t\t    \n\t\t\t\t\t\t\t<div class=\"swiper-slide\">\n\n                                <div class=\"logos--item\">                                    \n\t\t\t\t\t\t\t\t\n\t\t\t\t\t\t\t\t\t\n\t\t\t\t\t\t\t\t\t\t\t\t\t\t\t\t\t\t\t\t<img decoding=\"async\" src=\"https:\/\/rotoplastyc.com.br\/wp-content\/uploads\/2025\/03\/rotoplastyc.com.br-inicio-logo-siltec-1.png\" alt=\"logo Siltec (1)\">\n\t\t\t\t\t\t\t\t\t\t\n\t\t\t\t\t\t\t\t\t\t\t\t\t\t\t\t\t\n        \n                                <\/div>\n\n                            <\/div>\n    \n    \t\t\t\t\t\n\t\t\t\t\t\t\t    \n\t\t\t\t\t\t\t<div class=\"swiper-slide\">\n\n                                <div class=\"logos--item\">                                    \n\t\t\t\t\t\t\t\t\n\t\t\t\t\t\t\t\t\t\n\t\t\t\t\t\t\t\t\t\t\t\t\t\t\t\t\t\t\t\t<img decoding=\"async\" src=\"https:\/\/rotoplastyc.com.br\/wp-content\/uploads\/2025\/03\/rotoplastyc.com.br-inicio-logo-jan-1.png\" alt=\"Logo Jan (1)\">\n\t\t\t\t\t\t\t\t\t\t\n\t\t\t\t\t\t\t\t\t\t\t\t\t\t\t\t\t\n        \n                                <\/div>\n\n                            <\/div>\n    \n    \t\t\t\t\t\n\t\t\t\t\t\t\t    \n\t\t\t\t\t\t\t<div class=\"swiper-slide\">\n\n                                <div class=\"logos--item\">                                    \n\t\t\t\t\t\t\t\t\n\t\t\t\t\t\t\t\t\t\n\t\t\t\t\t\t\t\t\t\t\t\t\t\t\t\t\t\t\t\t<img decoding=\"async\" src=\"https:\/\/rotoplastyc.com.br\/wp-content\/uploads\/2025\/03\/rotoplastyc.com.br-inicio-logo-indutar-1.png\" alt=\"logo Indutar (1)\">\n\t\t\t\t\t\t\t\t\t\t\n\t\t\t\t\t\t\t\t\t\t\t\t\t\t\t\t\t\n        \n                                <\/div>\n\n                            <\/div>\n    \n    \t\t\t\t\t\n\t\t\t\t\t\t\t    \n\t\t\t\t\t\t\t<div class=\"swiper-slide\">\n\n                                <div class=\"logos--item\">                                    \n\t\t\t\t\t\t\t\t\n\t\t\t\t\t\t\t\t\t\n\t\t\t\t\t\t\t\t\t\t\t\t\t\t\t\t\t\t\t\t<img decoding=\"async\" src=\"https:\/\/rotoplastyc.com.br\/wp-content\/uploads\/2025\/03\/rotoplastyc.com.br-inicio-logo-horsh-1.png\" alt=\"Logo Horsh (1)\">\n\t\t\t\t\t\t\t\t\t\t\n\t\t\t\t\t\t\t\t\t\t\t\t\t\t\t\t\t\n        \n                                <\/div>\n\n                            <\/div>\n    \n    \t\t\t\t\t\n\t\t\t\t\t\t\t    \n\t\t\t\t\t\t\t<div class=\"swiper-slide\">\n\n                                <div class=\"logos--item\">                                    \n\t\t\t\t\t\t\t\t\n\t\t\t\t\t\t\t\t\t\n\t\t\t\t\t\t\t\t\t\t\t\t\t\t\t\t\t\t\t\t<img decoding=\"async\" src=\"https:\/\/rotoplastyc.com.br\/wp-content\/uploads\/2025\/03\/rotoplastyc.com.br-inicio-logo-gts-sem-fundo-1.png\" alt=\"LOGO GTS SEM FUNDO (1)\">\n\t\t\t\t\t\t\t\t\t\t\n\t\t\t\t\t\t\t\t\t\t\t\t\t\t\t\t\t\n        \n                                <\/div>\n\n                            <\/div>\n    \n    \t\t\t\t\t\n\t\t\t\t\t\t\t    \n\t\t\t\t\t\t\t<div class=\"swiper-slide\">\n\n                                <div class=\"logos--item\">                                    \n\t\t\t\t\t\t\t\t\n\t\t\t\t\t\t\t\t\t\n\t\t\t\t\t\t\t\t\t\t\t\t\t\t\t\t\t\t\t\t<img decoding=\"async\" src=\"https:\/\/rotoplastyc.com.br\/wp-content\/uploads\/2025\/03\/rotoplastyc.com.br-inicio-logo-cnh.png\" alt=\"Logo CNH\">\n\t\t\t\t\t\t\t\t\t\t\n\t\t\t\t\t\t\t\t\t\t\t\t\t\t\t\t\t\n        \n                                <\/div>\n\n                            <\/div>\n    \n    \t\t\t\t\t\n\t\t\t\t\t\t\t    \n\t\t\t\t\t\t\t<div class=\"swiper-slide\">\n\n                                <div class=\"logos--item\">                                    \n\t\t\t\t\t\t\t\t\n\t\t\t\t\t\t\t\t\t\n\t\t\t\t\t\t\t\t\t\t\t\t\t\t\t\t\t\t\t\t<img decoding=\"async\" src=\"https:\/\/rotoplastyc.com.br\/wp-content\/uploads\/2025\/03\/rotoplastyc.com.br-inicio-logo-agco-1.png\" alt=\"Logo AGCO (1)\">\n\t\t\t\t\t\t\t\t\t\t\n\t\t\t\t\t\t\t\t\t\t\t\t\t\t\t\t\t\n        \n                                <\/div>\n\n                            <\/div>\n    \n    \t\t\t\t\t\n\t\t\t\t\t\t\t    \n\t\t\t\t\t\t\t<div class=\"swiper-slide\">\n\n                                <div class=\"logos--item\">                                    \n\t\t\t\t\t\t\t\t\n\t\t\t\t\t\t\t\t\t\n\t\t\t\t\t\t\t\t\t\t\t\t\t\t\t\t\t\t\t\t<img decoding=\"async\" src=\"https:\/\/rotoplastyc.com.br\/wp-content\/uploads\/2025\/03\/rotoplastyc.com.br-inicio-hpe-1.png\" alt=\"HPE (1)\">\n\t\t\t\t\t\t\t\t\t\t\n\t\t\t\t\t\t\t\t\t\t\t\t\t\t\t\t\t\n        \n                                <\/div>\n\n                            <\/div>\n    \n    \t\t\t\t\t                                            \n                            \n                        <\/div>\n\n                        \t\t\t\t\t\t<div class=\"swiper-pagination\"><\/div>\n\t\t\t\t\t\t\n\t\t\t\t\t\t\t\t\t\t\t\t<div class=\"swiper-button-prev\"><i class=\"icon-chevron-left\"><\/i><\/div>\n\t\t\t\t\t\t<div class=\"swiper-button-next\"><i class=\"icon-chevron-right\"><\/i><\/div>\n\t\t\t\t\t\t\n                    <\/div>   \t\t\t\t\t\t\t\t\t\n\n                <\/div>\n\n            <\/div>\n            \n\n\n\n\t\t\t<div id=\"entienda-lo-que-es-rotomoldeo-la-esencia-de-rotoplastyc\" class=\"block block--imagecontent content-card content-margin content-left \" >\n\n                <div class=\"container\"> \n\n                    <div class=\"block--image \">                        \n                                                <img decoding=\"async\" src=\"https:\/\/rotoplastyc.com.br\/wp-content\/uploads\/2025\/03\/rotoplastyc-componentes-image-18.png\" alt=\"Entienda lo que es rotomoldeo, la esencia de Rotoplastyc.\">\n                                            <\/div>\n\n                    <div class=\"block--content\"> \n\n                        \n                                               \n                        <h2 class=\"block--title\">Entienda lo que es rotomoldeo, la esencia de Rotoplastyc.<\/h2>     \n                                                \n\n                                                \n\n                                                                       \n                        <p>Podemos desarrollar piezas en diferentes formatos y tama\u00f1os, creando una experiencia de compra personalizada para su industria.<\/p>\n                                                \n\t\t\t\t\t\t\n                                               \n                        <a class=\"btn btn-primary\" href=\"https:\/\/rotoplastyc.com.br\/solucoes\/\">\n                                                            <i class=\"icon-arrow-right\"><\/i>\n                                                        Desarrolle su proyecto                        <\/a>\n                                             \n                                                                        \n                    <\/div>\n\n                <\/div>\n\n            <\/div>","protected":false},"excerpt":{"rendered":"","protected":false},"author":2,"featured_media":0,"parent":0,"menu_order":0,"comment_status":"closed","ping_status":"closed","template":"","meta":{"_acf_changed":false,"footnotes":""},"class_list":["post-22297","page","type-page","status-publish","hentry"],"acf":[],"yoast_head":"<!-- This site is optimized with the Yoast SEO plugin v27.4 - https:\/\/yoast.com\/product\/yoast-seo-wordpress\/ -->\n<title>Segmentos - Rotoplastyc<\/title>\n<meta name=\"robots\" content=\"index, follow, max-snippet:-1, max-image-preview:large, max-video-preview:-1\" \/>\n<link rel=\"canonical\" href=\"https:\/\/rotoplastyc.com.br\/es\/segmentos\/\" \/>\n<meta property=\"og:locale\" content=\"es_ES\" \/>\n<meta property=\"og:type\" content=\"article\" \/>\n<meta property=\"og:title\" content=\"Segmentos - Rotoplastyc\" \/>\n<meta property=\"og:url\" content=\"https:\/\/rotoplastyc.com.br\/es\/segmentos\/\" \/>\n<meta property=\"og:site_name\" content=\"Rotoplastyc\" \/>\n<meta property=\"article:modified_time\" content=\"2025-04-28T18:56:39+00:00\" \/>\n<meta name=\"twitter:card\" content=\"summary_large_image\" \/>\n<script type=\"application\/ld+json\" class=\"yoast-schema-graph\">{\"@context\":\"https:\\\/\\\/schema.org\",\"@graph\":[{\"@type\":\"WebPage\",\"@id\":\"https:\\\/\\\/rotoplastyc.com.br\\\/es\\\/segmentos\\\/\",\"url\":\"https:\\\/\\\/rotoplastyc.com.br\\\/es\\\/segmentos\\\/\",\"name\":\"Segmentos - Rotoplastyc\",\"isPartOf\":{\"@id\":\"https:\\\/\\\/rotoplastyc.com.br\\\/es\\\/#website\"},\"datePublished\":\"2025-03-08T15:57:19+00:00\",\"dateModified\":\"2025-04-28T18:56:39+00:00\",\"breadcrumb\":{\"@id\":\"https:\\\/\\\/rotoplastyc.com.br\\\/es\\\/segmentos\\\/#breadcrumb\"},\"inLanguage\":\"es\",\"potentialAction\":[{\"@type\":\"ReadAction\",\"target\":[\"https:\\\/\\\/rotoplastyc.com.br\\\/es\\\/segmentos\\\/\"]}]},{\"@type\":\"BreadcrumbList\",\"@id\":\"https:\\\/\\\/rotoplastyc.com.br\\\/es\\\/segmentos\\\/#breadcrumb\",\"itemListElement\":[{\"@type\":\"ListItem\",\"position\":1,\"name\":\"Home\",\"item\":\"https:\\\/\\\/rotoplastyc.com.br\\\/es\\\/\"},{\"@type\":\"ListItem\",\"position\":2,\"name\":\"Segmentos\"}]},{\"@type\":\"WebSite\",\"@id\":\"https:\\\/\\\/rotoplastyc.com.br\\\/es\\\/#website\",\"url\":\"https:\\\/\\\/rotoplastyc.com.br\\\/es\\\/\",\"name\":\"Rotoplastyc\",\"description\":\"Empresa de rotomoldagem para ind\u00fastria\",\"potentialAction\":[{\"@type\":\"SearchAction\",\"target\":{\"@type\":\"EntryPoint\",\"urlTemplate\":\"https:\\\/\\\/rotoplastyc.com.br\\\/es\\\/?s={search_term_string}\"},\"query-input\":{\"@type\":\"PropertyValueSpecification\",\"valueRequired\":true,\"valueName\":\"search_term_string\"}}],\"inLanguage\":\"es\"}]}<\/script>\n<!-- \/ Yoast SEO plugin. -->","yoast_head_json":{"title":"Segmentos - Rotoplastyc","robots":{"index":"index","follow":"follow","max-snippet":"max-snippet:-1","max-image-preview":"max-image-preview:large","max-video-preview":"max-video-preview:-1"},"canonical":"https:\/\/rotoplastyc.com.br\/es\/segmentos\/","og_locale":"es_ES","og_type":"article","og_title":"Segmentos - Rotoplastyc","og_url":"https:\/\/rotoplastyc.com.br\/es\/segmentos\/","og_site_name":"Rotoplastyc","article_modified_time":"2025-04-28T18:56:39+00:00","twitter_card":"summary_large_image","schema":{"@context":"https:\/\/schema.org","@graph":[{"@type":"WebPage","@id":"https:\/\/rotoplastyc.com.br\/es\/segmentos\/","url":"https:\/\/rotoplastyc.com.br\/es\/segmentos\/","name":"Segmentos - Rotoplastyc","isPartOf":{"@id":"https:\/\/rotoplastyc.com.br\/es\/#website"},"datePublished":"2025-03-08T15:57:19+00:00","dateModified":"2025-04-28T18:56:39+00:00","breadcrumb":{"@id":"https:\/\/rotoplastyc.com.br\/es\/segmentos\/#breadcrumb"},"inLanguage":"es","potentialAction":[{"@type":"ReadAction","target":["https:\/\/rotoplastyc.com.br\/es\/segmentos\/"]}]},{"@type":"BreadcrumbList","@id":"https:\/\/rotoplastyc.com.br\/es\/segmentos\/#breadcrumb","itemListElement":[{"@type":"ListItem","position":1,"name":"Home","item":"https:\/\/rotoplastyc.com.br\/es\/"},{"@type":"ListItem","position":2,"name":"Segmentos"}]},{"@type":"WebSite","@id":"https:\/\/rotoplastyc.com.br\/es\/#website","url":"https:\/\/rotoplastyc.com.br\/es\/","name":"Rotoplastyc","description":"Empresa de rotomoldagem para ind\u00fastria","potentialAction":[{"@type":"SearchAction","target":{"@type":"EntryPoint","urlTemplate":"https:\/\/rotoplastyc.com.br\/es\/?s={search_term_string}"},"query-input":{"@type":"PropertyValueSpecification","valueRequired":true,"valueName":"search_term_string"}}],"inLanguage":"es"}]}},"_links":{"self":[{"href":"https:\/\/rotoplastyc.com.br\/es\/wp-json\/wp\/v2\/pages\/22297","targetHints":{"allow":["GET"]}}],"collection":[{"href":"https:\/\/rotoplastyc.com.br\/es\/wp-json\/wp\/v2\/pages"}],"about":[{"href":"https:\/\/rotoplastyc.com.br\/es\/wp-json\/wp\/v2\/types\/page"}],"author":[{"embeddable":true,"href":"https:\/\/rotoplastyc.com.br\/es\/wp-json\/wp\/v2\/users\/2"}],"replies":[{"embeddable":true,"href":"https:\/\/rotoplastyc.com.br\/es\/wp-json\/wp\/v2\/comments?post=22297"}],"version-history":[{"count":3,"href":"https:\/\/rotoplastyc.com.br\/es\/wp-json\/wp\/v2\/pages\/22297\/revisions"}],"predecessor-version":[{"id":22710,"href":"https:\/\/rotoplastyc.com.br\/es\/wp-json\/wp\/v2\/pages\/22297\/revisions\/22710"}],"wp:attachment":[{"href":"https:\/\/rotoplastyc.com.br\/es\/wp-json\/wp\/v2\/media?parent=22297"}],"curies":[{"name":"wp","href":"https:\/\/api.w.org\/{rel}","templated":true}]}}