{"id":22308,"date":"2025-03-08T13:34:10","date_gmt":"2025-03-08T16:34:10","guid":{"rendered":"https:\/\/rotoplastyc.com.br\/?page_id=22308"},"modified":"2025-04-07T16:03:42","modified_gmt":"2025-04-07T19:03:42","slug":"responsabilidad-social","status":"publish","type":"page","link":"https:\/\/rotoplastyc.com.br\/es\/responsabilidad-social\/","title":{"rendered":"Responsabilidad social"},"content":{"rendered":"\n\t\t\t<div id=\"responsabilidad-social\" class=\"block block--page-heading  \" >\n\n                <div class=\"container\">                                         \n\n                                           \n                    <h1 class=\"block--headline\">Compromiso con la comunidad<\/h1>                                               \n                    \n                                           \n                    <h2 class=\"block--title\">Responsabilidad Social<\/h2>     \n                                            \n\n                                            \n\n                    \n                    \n                <\/div>\n\n            <\/div>\n\n\n        <div class=\"block block--imagecarrossel  remove-overlay\" id=\"imagecarrossel-block_108b7ccc905796ad640766acc7169b87\">\n\n        <div class=\"container\">\n\n            <div class=\"imagecarrossel-slider swiper\">\n                <div class=\"swiper-wrapper\">\n\n                                        <div class=\"swiper-slide\">\n\n                        <div class=\"block imagecarrossel-image\">                \n\n                            <img decoding=\"async\" src=\"https:\/\/rotoplastyc.com.br\/wp-content\/uploads\/2025\/03\/rotoplastyc-componentes-transformar.png\" alt=\"transformar\">                \n\n                        <\/div> \n\n                    <\/div>\n                    \n                <\/div>\n\n                <div class=\"swiper-navigation\">\n                    <div class=\"swiper-pagination\"><\/div>\n                    <div class=\"swiper-button-prev\"><i class=\"icon-arrow-left\"><\/i><\/div>\n                    <div class=\"swiper-button-next\"><i class=\"icon-arrow-right\"><\/i><\/div>\n                <\/div>\n\n            <\/div>\n\n        <\/div>\n\n    <\/div>\n    \n\n\n\t\t\t<div id=\"uso-consciente-de-energia\" class=\"block block--imagecontent content-large content-reverse \" >\n\n                <div class=\"container\"> \n\n                    <div class=\"block--image image--shadow\">                        \n                                                <img decoding=\"async\" src=\"https:\/\/rotoplastyc.com.br\/wp-content\/uploads\/2025\/03\/rotoplastyc-responsabilidade-social-responsabilidade-social-01.png\" alt=\"Uso consciente de energ\u00eda\">\n                                            <\/div>\n\n                    <div class=\"block--content\"> \n\n                        \n                                               \n                        <h2 class=\"block--title\">Uso consciente de energ\u00eda<\/h2>     \n                                                \n\n                                                \n\n                                                                       \n                        <p>Actualmente, m\u00e1s del 65% del consumo de energ\u00eda del Grupo Rotoplastyc proviene de energ\u00eda solar. Sabemos que la sostenibilidad es esencial para un futuro m\u00e1s pr\u00f3spero. Por esta raz\u00f3n, hemos invertido en placas fotovoltaicas que no solo reducen costos energ\u00e9ticos, sino que tambi\u00e9n minimizan impactos ambientales. Invertir en energ\u00eda solar es m\u00e1s que una opci\u00f3n econ\u00f3mica; es incentivar un modelo de desarrollo m\u00e1s sostenible para las pr\u00f3ximas generaciones.\u201d<\/p>\n                                                \n\t\t\t\t\t\t\n                                             \n                                                                        \n                    <\/div>\n\n                <\/div>\n\n            <\/div>\n\n\n<div style=\"height:100px\" aria-hidden=\"true\" class=\"wp-block-spacer\"><\/div>\n\n\n\n\t\t\t<div id=\"destino-de-materiales-para-reciclaje\" class=\"block block--imagecontent content-large content-left \" >\n\n                <div class=\"container\"> \n\n                    <div class=\"block--image \">                        \n                                                <img decoding=\"async\" src=\"https:\/\/rotoplastyc.com.br\/wp-content\/uploads\/2025\/03\/rotoplastyc-responsabilidade-social-responsabilidade-social-02.png\" alt=\"Destino de materiales para reciclaje\">\n                                            <\/div>\n\n                    <div class=\"block--content\"> \n\n                        \n                                               \n                        <h2 class=\"block--title\">Destino de materiales para reciclaje<\/h2>     \n                                                \n\n                                                \n\n                                                                       \n                        <p>El polietileno, materia prima que utilizamos, es un material 100% reciclable, por lo que todos los residuos pl\u00e1sticos generados en los procesos de producci\u00f3n son llevados a empresas especializadas en reciclaje. Esta pr\u00e1ctica refuerza nuestro compromiso con la econom\u00eda circular, preservando recursos naturales y disminuyendo impactos ambientales.<\/p>\n                                                \n\t\t\t\t\t\t\n                                             \n                                                                        \n                    <\/div>\n\n                <\/div>\n\n            <\/div>\n\n\n<div style=\"height:100px\" aria-hidden=\"true\" class=\"wp-block-spacer\"><\/div>\n\n\n\n\t\t\t<div id=\"actuacion-en-la-comunidad\" class=\"block block--imagecontent content-large content-reverse \" >\n\n                <div class=\"container\"> \n\n                    <div class=\"block--image \">                        \n                                                <img decoding=\"async\" src=\"https:\/\/rotoplastyc.com.br\/wp-content\/uploads\/2025\/03\/rotoplastyc-responsabilidade-social-responsabilidade-social-03.png\" alt=\"Actuaci\u00f3n en la comunidad\">\n                                            <\/div>\n\n                    <div class=\"block--content\"> \n\n                        \n                                               \n                        <h2 class=\"block--title\">Actuaci\u00f3n en la comunidad<\/h2>     \n                                                \n\n                                                \n\n                                                                       \n                        <p>Comprometida con el desarrollo sostenible y el bienestar social, nuestra empresa est\u00e1 activamente presente en la comunidad por medio de acciones que marcan la diferencia. Uno de nuestros principales proyectos es la donaci\u00f3n de kits de basureros para escuelas municipales, incentivando la recolecci\u00f3n selectiva y la educaci\u00f3n ambiental desde la m\u00e1s temprana edad. Creemos que peque\u00f1as actitudes generan grandes transformaciones, y nos esforzamos por contribuir a una comunidad m\u00e1s consciente y responsable.<\/p>\n                                                \n\t\t\t\t\t\t\n                                               \n                        <a class=\"btn btn-primary\" href=\"https:\/\/rotoplastyc.com.br\/noticias\/\">\n                                                        Obtenga m\u00e1s informaciones                        <\/a>\n                                             \n                                                                        \n                    <\/div>\n\n                <\/div>\n\n            <\/div>\n\n\n<div style=\"height:100px\" aria-hidden=\"true\" class=\"wp-block-spacer\"><\/div>\n\n\n\n\t\t\t<div id=\"donacion-de-un-tanque-de-agua-para-la-apae-carazinho\" class=\"block block--imagecontent content-large content-left \" >\n\n                <div class=\"container\"> \n\n                    <div class=\"block--image \">                        \n                                                <img decoding=\"async\" src=\"https:\/\/rotoplastyc.com.br\/wp-content\/uploads\/2025\/03\/rotoplastyc-responsabilidade-social-responsabilidade-social-04.png\" alt=\"Donaci\u00f3n de un tanque de agua para la Apae Carazinho\">\n                                            <\/div>\n\n                    <div class=\"block--content\"> \n\n                        \n                                               \n                        <h2 class=\"block--title\">Donaci\u00f3n de un tanque de agua para la Apae Carazinho<\/h2>     \n                                                \n\n                                                \n\n                                                                       \n                        <p>Con el compromiso de contribuir al bienestar de las comunidades, en 2024, donamos un tanque de agua para la APAE, reforzando nuestro apoyo a una instituci\u00f3n que desempe\u00f1a un papel esencial en la inclusi\u00f3n y el desarrollo de personas con discapacidad. Esta iniciativa busca garantizar un abastecimiento h\u00eddrico seguro y eficiente, mejorando las condiciones y el d\u00eda a d\u00eda de los alumnos, colaboradores y familias atendidas. Es un honor colaborar con causas que transforman vidas e inspirar acciones solidarias que promuevan un futuro m\u00e1s inclusivo y sostenible.<\/p>\n                                                \n\t\t\t\t\t\t\n                                             \n                                                                        \n                    <\/div>\n\n                <\/div>\n\n            <\/div>\n\n\n<div style=\"height:100px\" aria-hidden=\"true\" class=\"wp-block-spacer\"><\/div>\n\n\n\n\t\t\t<div id=\"atentos-al-material-escolar\" class=\"block block--imagecontent content-large content-reverse \" >\n\n                <div class=\"container\"> \n\n                    <div class=\"block--image \">                        \n                                                <img decoding=\"async\" src=\"https:\/\/rotoplastyc.com.br\/wp-content\/uploads\/2025\/03\/rotoplastyc-responsabilidade-social-responsabilidade-social-05.png\" alt=\"Atentos al material escolar\">\n                                            <\/div>\n\n                    <div class=\"block--content\"> \n\n                        \n                                               \n                        <h2 class=\"block--title\">Atentos al material escolar<\/h2>     \n                                                \n\n                                                \n\n                                                                       \n                        <p>En 2024 Rotoplastyc se volvi\u00f3 una asociada del proyecto \u201cDe olho no Material Escolar\u201d. Una entidad que surgi\u00f3 de la organizaci\u00f3n de la sociedad civil con la motivaci\u00f3n de contribuir a una educaci\u00f3n positiva y actualizada sobre el agronegocio, con base en contenido cient\u00edfico y que genere perspectivas positivas para los estudiantes.<\/p>\n                                                \n\t\t\t\t\t\t\n                                               \n                        <a class=\"btn btn-primary\" href=\"https:\/\/rotoplastyc.com.br\/noticias\/\">\n                                                        Obtenga m\u00e1s informaciones                        <\/a>\n                                             \n                                                                        \n                    <\/div>\n\n                <\/div>\n\n            <\/div>\n\n\n<div style=\"height:100px\" aria-hidden=\"true\" class=\"wp-block-spacer\"><\/div>\n","protected":false},"excerpt":{"rendered":"","protected":false},"author":2,"featured_media":0,"parent":0,"menu_order":0,"comment_status":"closed","ping_status":"closed","template":"","meta":{"_acf_changed":false,"footnotes":""},"class_list":["post-22308","page","type-page","status-publish","hentry"],"acf":[],"yoast_head":"<!-- This site is optimized with the Yoast SEO plugin v27.5 - https:\/\/yoast.com\/product\/yoast-seo-wordpress\/ -->\n<title>Responsabilidad social - Rotoplastyc<\/title>\n<meta name=\"robots\" content=\"index, follow, max-snippet:-1, max-image-preview:large, max-video-preview:-1\" \/>\n<link rel=\"canonical\" href=\"https:\/\/rotoplastyc.com.br\/es\/responsabilidad-social\/\" \/>\n<meta property=\"og:locale\" content=\"es_ES\" \/>\n<meta property=\"og:type\" content=\"article\" \/>\n<meta property=\"og:title\" content=\"Responsabilidad social - Rotoplastyc\" \/>\n<meta property=\"og:url\" content=\"https:\/\/rotoplastyc.com.br\/es\/responsabilidad-social\/\" \/>\n<meta property=\"og:site_name\" content=\"Rotoplastyc\" \/>\n<meta property=\"article:modified_time\" content=\"2025-04-07T19:03:42+00:00\" \/>\n<meta name=\"twitter:card\" content=\"summary_large_image\" \/>\n<script type=\"application\/ld+json\" class=\"yoast-schema-graph\">{\"@context\":\"https:\\\/\\\/schema.org\",\"@graph\":[{\"@type\":\"WebPage\",\"@id\":\"https:\\\/\\\/rotoplastyc.com.br\\\/es\\\/responsabilidad-social\\\/\",\"url\":\"https:\\\/\\\/rotoplastyc.com.br\\\/es\\\/responsabilidad-social\\\/\",\"name\":\"Responsabilidad social - Rotoplastyc\",\"isPartOf\":{\"@id\":\"https:\\\/\\\/rotoplastyc.com.br\\\/es\\\/#website\"},\"datePublished\":\"2025-03-08T16:34:10+00:00\",\"dateModified\":\"2025-04-07T19:03:42+00:00\",\"breadcrumb\":{\"@id\":\"https:\\\/\\\/rotoplastyc.com.br\\\/es\\\/responsabilidad-social\\\/#breadcrumb\"},\"inLanguage\":\"es\",\"potentialAction\":[{\"@type\":\"ReadAction\",\"target\":[\"https:\\\/\\\/rotoplastyc.com.br\\\/es\\\/responsabilidad-social\\\/\"]}]},{\"@type\":\"BreadcrumbList\",\"@id\":\"https:\\\/\\\/rotoplastyc.com.br\\\/es\\\/responsabilidad-social\\\/#breadcrumb\",\"itemListElement\":[{\"@type\":\"ListItem\",\"position\":1,\"name\":\"Home\",\"item\":\"https:\\\/\\\/rotoplastyc.com.br\\\/es\\\/\"},{\"@type\":\"ListItem\",\"position\":2,\"name\":\"Responsabilidad social\"}]},{\"@type\":\"WebSite\",\"@id\":\"https:\\\/\\\/rotoplastyc.com.br\\\/es\\\/#website\",\"url\":\"https:\\\/\\\/rotoplastyc.com.br\\\/es\\\/\",\"name\":\"Rotoplastyc\",\"description\":\"Empresa de rotomoldagem para ind\u00fastria\",\"potentialAction\":[{\"@type\":\"SearchAction\",\"target\":{\"@type\":\"EntryPoint\",\"urlTemplate\":\"https:\\\/\\\/rotoplastyc.com.br\\\/es\\\/?s={search_term_string}\"},\"query-input\":{\"@type\":\"PropertyValueSpecification\",\"valueRequired\":true,\"valueName\":\"search_term_string\"}}],\"inLanguage\":\"es\"}]}<\/script>\n<!-- \/ Yoast SEO plugin. -->","yoast_head_json":{"title":"Responsabilidad social - Rotoplastyc","robots":{"index":"index","follow":"follow","max-snippet":"max-snippet:-1","max-image-preview":"max-image-preview:large","max-video-preview":"max-video-preview:-1"},"canonical":"https:\/\/rotoplastyc.com.br\/es\/responsabilidad-social\/","og_locale":"es_ES","og_type":"article","og_title":"Responsabilidad social - Rotoplastyc","og_url":"https:\/\/rotoplastyc.com.br\/es\/responsabilidad-social\/","og_site_name":"Rotoplastyc","article_modified_time":"2025-04-07T19:03:42+00:00","twitter_card":"summary_large_image","schema":{"@context":"https:\/\/schema.org","@graph":[{"@type":"WebPage","@id":"https:\/\/rotoplastyc.com.br\/es\/responsabilidad-social\/","url":"https:\/\/rotoplastyc.com.br\/es\/responsabilidad-social\/","name":"Responsabilidad social - Rotoplastyc","isPartOf":{"@id":"https:\/\/rotoplastyc.com.br\/es\/#website"},"datePublished":"2025-03-08T16:34:10+00:00","dateModified":"2025-04-07T19:03:42+00:00","breadcrumb":{"@id":"https:\/\/rotoplastyc.com.br\/es\/responsabilidad-social\/#breadcrumb"},"inLanguage":"es","potentialAction":[{"@type":"ReadAction","target":["https:\/\/rotoplastyc.com.br\/es\/responsabilidad-social\/"]}]},{"@type":"BreadcrumbList","@id":"https:\/\/rotoplastyc.com.br\/es\/responsabilidad-social\/#breadcrumb","itemListElement":[{"@type":"ListItem","position":1,"name":"Home","item":"https:\/\/rotoplastyc.com.br\/es\/"},{"@type":"ListItem","position":2,"name":"Responsabilidad social"}]},{"@type":"WebSite","@id":"https:\/\/rotoplastyc.com.br\/es\/#website","url":"https:\/\/rotoplastyc.com.br\/es\/","name":"Rotoplastyc","description":"Empresa de rotomoldagem para ind\u00fastria","potentialAction":[{"@type":"SearchAction","target":{"@type":"EntryPoint","urlTemplate":"https:\/\/rotoplastyc.com.br\/es\/?s={search_term_string}"},"query-input":{"@type":"PropertyValueSpecification","valueRequired":true,"valueName":"search_term_string"}}],"inLanguage":"es"}]}},"_links":{"self":[{"href":"https:\/\/rotoplastyc.com.br\/es\/wp-json\/wp\/v2\/pages\/22308","targetHints":{"allow":["GET"]}}],"collection":[{"href":"https:\/\/rotoplastyc.com.br\/es\/wp-json\/wp\/v2\/pages"}],"about":[{"href":"https:\/\/rotoplastyc.com.br\/es\/wp-json\/wp\/v2\/types\/page"}],"author":[{"embeddable":true,"href":"https:\/\/rotoplastyc.com.br\/es\/wp-json\/wp\/v2\/users\/2"}],"replies":[{"embeddable":true,"href":"https:\/\/rotoplastyc.com.br\/es\/wp-json\/wp\/v2\/comments?post=22308"}],"version-history":[{"count":5,"href":"https:\/\/rotoplastyc.com.br\/es\/wp-json\/wp\/v2\/pages\/22308\/revisions"}],"predecessor-version":[{"id":22314,"href":"https:\/\/rotoplastyc.com.br\/es\/wp-json\/wp\/v2\/pages\/22308\/revisions\/22314"}],"wp:attachment":[{"href":"https:\/\/rotoplastyc.com.br\/es\/wp-json\/wp\/v2\/media?parent=22308"}],"curies":[{"name":"wp","href":"https:\/\/api.w.org\/{rel}","templated":true}]}}