{"id":22438,"date":"2025-03-08T17:12:56","date_gmt":"2025-03-08T20:12:56","guid":{"rendered":"https:\/\/rotoplastyc.com.br\/?page_id=22438"},"modified":"2025-04-26T16:10:17","modified_gmt":"2025-04-26T19:10:17","slug":"sobre-el-rotomoldeo","status":"publish","type":"page","link":"https:\/\/rotoplastyc.com.br\/es\/sobre-el-rotomoldeo\/","title":{"rendered":"Sobre el Rotomoldeo"},"content":{"rendered":"\n\t\t\t<div id=\"explicando-el-rotomoldeo\" class=\"block block--page-heading  \" >\n\n                <div class=\"container\">                                         \n\n                                           \n                    <h1 class=\"block--headline\">\u00bfQu\u00e9 es?<\/h1>                                               \n                    \n                                           \n                    <h2 class=\"block--title\">Explicando el rotomoldeo<\/h2>     \n                                            \n\n                                            \n\n                                                                   \n                    <p>Garant\u00eda de una soluci\u00f3n duradera<\/p>\n                    \n                    \n                <\/div>\n\n            <\/div>\n\n\n        <div class=\"block block--imagecarrossel \" id=\"imagecarrossel-block_277942d2b7c2953e8806e91132de4a21\">\n\n        <div class=\"container\">\n\n            <div class=\"imagecarrossel-slider swiper\">\n                <div class=\"swiper-wrapper\">\n\n                                        <div class=\"swiper-slide\">\n\n                        <div class=\"block imagecarrossel-image\">                \n\n                            <img decoding=\"async\" src=\"https:\/\/rotoplastyc.com.br\/wp-content\/uploads\/2025\/03\/rotoplastyc-componentes-13b6d234c5fb80b4904ac2ff87ef0f03.png\" alt=\"13b6d234c5fb80b4904ac2ff87ef0f03\">                \n\n                        <\/div> \n\n                    <\/div>\n                    \n                <\/div>\n\n                <div class=\"swiper-navigation\">\n                    <div class=\"swiper-pagination\"><\/div>\n                    <div class=\"swiper-button-prev\"><i class=\"icon-arrow-left\"><\/i><\/div>\n                    <div class=\"swiper-button-next\"><i class=\"icon-arrow-right\"><\/i><\/div>\n                <\/div>\n\n            <\/div>\n\n        <\/div>\n\n    <\/div>\n    \n\n\n\t\t\t<div id=\"material\" class=\"block block--imagecontent content-default content-reverse \" >\n\n                <div class=\"container\"> \n\n                    <div class=\"block--image \">                        \n                                                <img decoding=\"async\" src=\"https:\/\/rotoplastyc.com.br\/wp-content\/uploads\/2025\/03\/rotoplastyc.com.br-rotomoldagem-rotomoldagem-02.png\" alt=\"Material\">\n                                            <\/div>\n\n                    <div class=\"block--content\"> \n\n                        \n                                               \n                        <h2 class=\"block--title\">Material<\/h2>     \n                                                \n\n                                                \n\n                                                                       \n                        <p>El proceso de rotomoldeo consiste en la transformaci\u00f3n de pol\u00edmeros pl\u00e1sticos en piezas huecas, por lo que permite producir piezas livianas con un excelente costo-beneficio.<br \/>\nLa materia prima de polietileno se utiliza en forma de polvo. Las piezas son \u00fanicas y sin uniones para facilitar su esterilizaci\u00f3n y limpieza.<\/p>\n                                                \n\t\t\t\t\t\t\n                                             \n                                                                        \n                    <\/div>\n\n                <\/div>\n\n            <\/div>\n\n\n<div style=\"height:100px\" aria-hidden=\"true\" class=\"wp-block-spacer\"><\/div>\n\n\n\n\t\t\t<div id=\"somos-experiencia\" class=\"block block--imagecontent content-default content-left \" >\n\n                <div class=\"container\"> \n\n                    <div class=\"block--image \">                        \n                                                <img decoding=\"async\" src=\"https:\/\/rotoplastyc.com.br\/wp-content\/uploads\/2025\/03\/rotoplastyc-componentes-image-15.png\" alt=\"Somos experiencia\">\n                                            <\/div>\n\n                    <div class=\"block--content\"> \n\n                        \n                                               \n                        <h2 class=\"block--title\">Somos experiencia<\/h2>     \n                                                \n\n                                                \n\n                                                                       \n                        <p>Rotoplastyc utiliza este proceso desde hace m\u00e1s de 25 a\u00f1os, invirtiendo en tecnolog\u00eda y mejoras continuas para atender diferentes segmentos de la industria. Queremos formar parte del ADN de su empresa, y, por esta raz\u00f3n, priorizamos procesos innovadores y estandarizados.<\/p>\n                                                \n\t\t\t\t\t\t\n                                             \n                                                                        \n                    <\/div>\n\n                <\/div>\n\n            <\/div>\n\n\n<div style=\"height:100px\" aria-hidden=\"true\" class=\"wp-block-spacer\"><\/div>\n\n\n\n\t\t\t<div id=\"su-resultado-es-el-nuestro\" class=\"block block--imagecontent content-full content-reverse \" >\n\n                <div class=\"container\"> \n\n                    <div class=\"block--image \">                        \n                                                <img decoding=\"async\" src=\"https:\/\/rotoplastyc.com.br\/wp-content\/uploads\/2025\/03\/rotoplastyc-componentes-image-17.png\" alt=\"Su resultado es el nuestro\">\n                                            <\/div>\n\n                    <div class=\"block--content\"> \n\n                        \n                                               \n                        <h2 class=\"block--title\">Su resultado es el nuestro<\/h2>     \n                                                \n\n                                                \n\n                                                                       \n                        <p>Profesionales capacitados con un vasto conocimiento t\u00e9cnico, transparencia y enfocados en el resultado desarrollan el proyecto junto con usted.<\/p>\n<p>Nuestros equipos comercial, industrial y de ingenier\u00eda analizan la demanda de cada empresa, buscando entregar un producto que supla la necesidad de la industria y de sus clientes.<\/p>\n                                                \n\t\t\t\t\t\t\n                                               \n                        <a class=\"btn btn-primary\" href=\"https:\/\/rotoplastyc.com.br\/es\/sobre\/\">\n                                                        Conozca Rotoplastyc                        <\/a>\n                                             \n                                                                        \n                    <\/div>\n\n                <\/div>\n\n            <\/div>\n\n\n<div style=\"height:100px\" aria-hidden=\"true\" class=\"wp-block-spacer\"><\/div>\n\n\n\n\t\t\t<div id=\"superando-sus-expectativas\" class=\"block block--imagecontent content-default content-reverse \" >\n\n                <div class=\"container\"> \n\n                    <div class=\"block--image \">                        \n                                                <img decoding=\"async\" src=\"https:\/\/rotoplastyc.com.br\/wp-content\/uploads\/2025\/03\/rotoplastyc.com.br-rotomoldagem-rotomoldagem-01.png\" alt=\"Superando sus expectativas\">\n                                            <\/div>\n\n                    <div class=\"block--content\"> \n\n                        \n                                               \n                        <h2 class=\"block--title\">Superando sus expectativas<\/h2>     \n                                                \n\n                                                \n\n                                                                       \n                        <p>Todos nuestros procesos y equipos trabajan con un mismo objetivo y se rigen por nuestra Pol\u00edtica de Calidad, lo que asegura que la entrega de las piezas cumpla plenamente con las expectativas de nuestros clientes.<\/p>\n                                                \n\t\t\t\t\t\t\n                                               \n                        <a class=\"btn btn-primary\" href=\"https:\/\/rotoplastyc.com.br\/es\/soluciones\/\">\n                                                        Desarrolle su proyecto                        <\/a>\n                                             \n                                                                        \n                    <\/div>\n\n                <\/div>\n\n            <\/div>\n\n\n<div style=\"height:100px\" aria-hidden=\"true\" class=\"wp-block-spacer\"><\/div>\n\n\n\n\t\t\t<div id=\"politica-de-calidad\" class=\"block block--imagecontent content-default content-left background-color\" style=\"--color: #f6f6f6\">\n\n                <div class=\"container\"> \n\n                    <div class=\"block--image \">                        \n                                                <img decoding=\"async\" src=\"https:\/\/rotoplastyc.com.br\/wp-content\/uploads\/2025\/03\/rotoplastyc-inicio-image-2.png\" alt=\"Pol\u00edtica de Calidad\">\n                                            <\/div>\n\n                    <div class=\"block--content\"> \n\n                        \n                                               \n                        <h2 class=\"block--title\">Pol\u00edtica de Calidad<\/h2>     \n                                                \n\n                                               \n                        <h2 class=\"block--subtitle\">Sorprender positivamente a nuestros clientes y socios con nuestra competencia t\u00e9cnica y humana.<\/h2>     \n                                                \n\n                                                                       \n                        <p>Satisfacer a los clientes con servicios de calidad, a trav\u00e9s de la mejora continua, formaci\u00f3n de equipo y estandarizaci\u00f3n de los procesos.<\/p>\n                                                \n\t\t\t\t\t\t\n                                               \n                        <a class=\"btn btn-primary\" href=\"https:\/\/rotoplastyc.com.br\/solucoes\/\">\n                                                        Solu\u00e7\u00f5es                        <\/a>\n                                             \n                                                                        \n                    <\/div>\n\n                <\/div>\n\n            <\/div>\n\n\n\t\t\t<div id=\"infraestructura-completa\" class=\"block block--imagecontent content-card content-margin content-left \" >\n\n                <div class=\"container\"> \n\n                    <div class=\"block--image \">                        \n                                                <img decoding=\"async\" src=\"https:\/\/rotoplastyc.com.br\/wp-content\/uploads\/2025\/03\/rotoplastyc-componentes-image-18.png\" alt=\"Infraestructura completa\">\n                                            <\/div>\n\n                    <div class=\"block--content\"> \n\n                        \n                                               \n                        <h2 class=\"block--title\">Infraestructura completa<\/h2>     \n                                                \n\n                                                \n\n                                                                       \n                        <p>Infraestructura completa con ingenier\u00eda, modelado, matricer\u00eda y laboratorio de contenido.<\/p>\n                                                \n\t\t\t\t\t\t                        <ul class=\"list-icons\">                        \n\t\t\t\t\t\t\t    \n\t\t\t\t\t\t\t<li>\n\t\t\t\t\t\t\t\t\t\t\t\t\t\t\t\t<img decoding=\"async\" src=\"https:\/\/rotoplastyc.com.br\/wp-content\/uploads\/2025\/03\/rotoplastyc.com.br-produtos-industriais-verifique-o-circulo.png\" alt=\"verifique-o-circulo\">\n\t\t\t\t\t\t\t\t\t\t\t\t\t\t\t\t\n\t\t\t\t\t\t\t\t\t\t\t\t\t\t\t\t\n\t\t\t\t\t\t\t\t<p>PPAP: Proceso de aprobaci\u00f3n de pieza de producci\u00f3n;<\/p>\n\t\t\t\t\t\t\t<\/li>\n\t\t\t\t\t\t\t    \n\t\t\t\t\t\t\t<li>\n\t\t\t\t\t\t\t\t\t\t\t\t\t\t\t\t<img decoding=\"async\" src=\"https:\/\/rotoplastyc.com.br\/wp-content\/uploads\/2025\/03\/rotoplastyc.com.br-produtos-industriais-documento-de-aprovacao.png\" alt=\"documento-de-aprovacao\">\n\t\t\t\t\t\t\t\t\t\t\t\t\t\t\t\t\n\t\t\t\t\t\t\t\t\t\t\t\t\t\t\t\t\n\t\t\t\t\t\t\t\t<p>FMEA: An\u00e1lisis de modo y efecto de falla;<\/p>\n\t\t\t\t\t\t\t<\/li>\n\t\t\t\t\t\t\t    \n\t\t\t\t\t\t\t<li>\n\t\t\t\t\t\t\t\t\t\t\t\t\t\t\t\t<img decoding=\"async\" src=\"https:\/\/rotoplastyc.com.br\/wp-content\/uploads\/2025\/03\/rotoplastyc.com.br-produtos-industriais-alt-de-verificacao-de-distintivo.png\" alt=\"alt-de-verificacao-de-distintivo\">\n\t\t\t\t\t\t\t\t\t\t\t\t\t\t\t\t\n\t\t\t\t\t\t\t\t\t\t\t\t\t\t\t\t\n\t\t\t\t\t\t\t\t<p>APQP: Planificaci\u00f3n Avanzada de la Calidad del Producto.<\/p>\n\t\t\t\t\t\t\t<\/li>\n\t\t\t\t\t\t\t    \n\t\t\t\t\t\t\t<li>\n\t\t\t\t\t\t\t\t\t\t\t\t\t\t\t\t<img decoding=\"async\" src=\"https:\/\/rotoplastyc.com.br\/wp-content\/uploads\/2025\/03\/rotoplastyc.com.br-produtos-industriais-microscopio-1.png\" alt=\"microscopio\">\n\t\t\t\t\t\t\t\t\t\t\t\t\t\t\t\t\n\t\t\t\t\t\t\t\t\t\t\t\t\t\t\t\t\n\t\t\t\t\t\t\t\t<p>MASP: M\u00e9todo de An\u00e1lisis y Soluci\u00f3n de Problemas.<\/p>\n\t\t\t\t\t\t\t<\/li>\n\t\t\t\t\t\t\t\t\t\n                        <\/ul>\n\t\t\t\t\t\t\n                                             \n                                                                        \n                    <\/div>\n\n                <\/div>\n\n            <\/div>\n\n\n\t\t\t<div id=\"pruebas-de-ensayos-para-garantizar-la-calidad-de-los-componentes-producidos\" class=\"block block--icons  icons-boxed icons-centered \" >\n\n\t\t\t\t<div class=\"container\"> \n\n\t\t\t\t\t\t\t\t\t\t<div class=\"block--heading\">                        \n\t\t\t\t\t\t<h2 class=\"block--title\">Pruebas de ensayos para garantizar la calidad de los componentes producidos:<\/h2>\n                    <\/div>\n\t\t\t\t\t                \n  \n\n\t\t\t\t\t<div class=\"icons-slider swiper icons-slider--large\"  >\n\t\t\t\t\t\t<div class=\"swiper-wrapper\">\n                        \n        \n\t\t                \t\t\t\t                                        \n\n\t\t\t\t\t\t\t<div class=\"swiper-slide\">\n\t\t\t\t\t\t\t\t\t\t\t\t\t\t\t\t<div class=\"icons--item\">\t\t\t\t\t\t\t\t\t\n\t\t\t\t\t\t\t\t\t<div class=\"icons--image\">                                                                            \n\t\t\t\t\t\t\t\t\t\t\t\t\n\t\t\t\t\t\t\t\t\t<\/div>       \n\t\t\t\t\t\t\t\t\t<h3 class=\"icons--title\">Ensayo de validaci\u00f3n<\/h3>\n\t\t\t\t\t\t\t\t\t<p>Ensayos de Resistencia al\nImpacto<\/p>\n<p>Ensayos de Resistencia a la\nCa\u00edda libre<\/p>\n<p>Ensayos de Ciclo y Fatiga<\/p>\n<p>Ensayos de Resistencia a\nAltas Temperaturas<\/p>\n<p>Ensayos de Resistencia\nMec\u00e1nica bajo Presi\u00f3n<\/p>\n\t\t\t\t\t\t\t\t<\/div>\n\t\t\t\t\t\t\t\t\t\t\t\t\t\t\t<\/div>\n                    \n\t    \n\t\t                \t\t\t\t                                        \n\n\t\t\t\t\t\t\t<div class=\"swiper-slide\">\n\t\t\t\t\t\t\t\t\t\t\t\t\t\t\t\t<div class=\"icons--item\">\t\t\t\t\t\t\t\t\t\n\t\t\t\t\t\t\t\t\t<div class=\"icons--image\">                                                                            \n\t\t\t\t\t\t\t\t\t\t\t\t\n\t\t\t\t\t\t\t\t\t<\/div>       \n\t\t\t\t\t\t\t\t\t<h3 class=\"icons--title\">Ensayo de \u00edtem corriente<\/h3>\n\t\t\t\t\t\t\t\t\t<p>Ensayos de Impureza<\/p>\n<p>Pruebas de Estanqueidad<\/p>\n<p>Pruebas de Granulometr\u00eda y\nDry Flow (Flujo Seco)<\/p>\n<p>Ensayos de Limpieza<\/p>\n<p>Pruebas de Sensores de\nCombustible<\/p>\n\t\t\t\t\t\t\t\t<\/div>\n\t\t\t\t\t\t\t\t\t\t\t\t\t\t\t<\/div>\n                    \n\t\n\t\t\t\t\t\t<\/div>\n\n\t\t\t\t\t\t\t\t\t\t\t\t<div class=\"swiper-pagination\"><\/div>\n\t\t\t\t\t\t\n\t\t\t\t\t\t\n\t\t\t\t\t<\/div>\n                \n\n\t\t\t\t<\/div>\n\n            <\/div>\n\n\n<div style=\"height:100px\" aria-hidden=\"true\" class=\"wp-block-spacer\"><\/div>\n\n\n\n\t\t\t<div id=\"proyectos-hechos-para-su-industria\" class=\"block block--imagecontent content-default content-reverse \" >\n\n                <div class=\"container\"> \n\n                    <div class=\"block--image \">                        \n                                                <img decoding=\"async\" src=\"https:\/\/rotoplastyc.com.br\/wp-content\/uploads\/2025\/03\/rotoplastyc-componentes-image-18.png\" alt=\"Proyectos hechos para \u2028su industria\">\n                                            <\/div>\n\n                    <div class=\"block--content\"> \n\n                        \n                                               \n                        <h2 class=\"block--title\">Proyectos hechos para \u2028su industria<\/h2>     \n                                                \n\n                                                \n\n                                                                       \n                        <p>Podemos desarrollar piezas en diferentes formatos y tama\u00f1os, creando una experiencia de compra personalizada para su industria.<\/p>\n                                                \n\t\t\t\t\t\t\n                                               \n                        <a class=\"btn btn-primary\" href=\"https:\/\/rotoplastyc.com.br\/es\/soluciones\/\">\n                                                        Solicitar una cotizaci\u00f3n para un proyecto                        <\/a>\n                                             \n                                                                        \n                    <\/div>\n\n                <\/div>\n\n            <\/div>\n\n\n<div style=\"height:100px\" aria-hidden=\"true\" class=\"wp-block-spacer\"><\/div>\n","protected":false},"excerpt":{"rendered":"","protected":false},"author":5,"featured_media":0,"parent":0,"menu_order":0,"comment_status":"closed","ping_status":"closed","template":"","meta":{"_acf_changed":false,"footnotes":""},"class_list":["post-22438","page","type-page","status-publish","hentry"],"acf":[],"yoast_head":"<!-- This site is optimized with the Yoast SEO plugin v27.4 - https:\/\/yoast.com\/product\/yoast-seo-wordpress\/ -->\n<title>Sobre el Rotomoldeo - Rotoplastyc<\/title>\n<meta name=\"robots\" content=\"index, follow, max-snippet:-1, max-image-preview:large, max-video-preview:-1\" \/>\n<link rel=\"canonical\" href=\"https:\/\/rotoplastyc.com.br\/es\/sobre-el-rotomoldeo\/\" \/>\n<meta property=\"og:locale\" content=\"es_ES\" \/>\n<meta property=\"og:type\" content=\"article\" \/>\n<meta property=\"og:title\" content=\"Sobre el Rotomoldeo - Rotoplastyc\" \/>\n<meta property=\"og:url\" content=\"https:\/\/rotoplastyc.com.br\/es\/sobre-el-rotomoldeo\/\" \/>\n<meta property=\"og:site_name\" content=\"Rotoplastyc\" \/>\n<meta property=\"article:modified_time\" content=\"2025-04-26T19:10:17+00:00\" \/>\n<meta name=\"twitter:card\" content=\"summary_large_image\" \/>\n<script type=\"application\/ld+json\" class=\"yoast-schema-graph\">{\"@context\":\"https:\\\/\\\/schema.org\",\"@graph\":[{\"@type\":\"WebPage\",\"@id\":\"https:\\\/\\\/rotoplastyc.com.br\\\/es\\\/sobre-el-rotomoldeo\\\/\",\"url\":\"https:\\\/\\\/rotoplastyc.com.br\\\/es\\\/sobre-el-rotomoldeo\\\/\",\"name\":\"Sobre el Rotomoldeo - Rotoplastyc\",\"isPartOf\":{\"@id\":\"https:\\\/\\\/rotoplastyc.com.br\\\/es\\\/#website\"},\"datePublished\":\"2025-03-08T20:12:56+00:00\",\"dateModified\":\"2025-04-26T19:10:17+00:00\",\"breadcrumb\":{\"@id\":\"https:\\\/\\\/rotoplastyc.com.br\\\/es\\\/sobre-el-rotomoldeo\\\/#breadcrumb\"},\"inLanguage\":\"es\",\"potentialAction\":[{\"@type\":\"ReadAction\",\"target\":[\"https:\\\/\\\/rotoplastyc.com.br\\\/es\\\/sobre-el-rotomoldeo\\\/\"]}]},{\"@type\":\"BreadcrumbList\",\"@id\":\"https:\\\/\\\/rotoplastyc.com.br\\\/es\\\/sobre-el-rotomoldeo\\\/#breadcrumb\",\"itemListElement\":[{\"@type\":\"ListItem\",\"position\":1,\"name\":\"Home\",\"item\":\"https:\\\/\\\/rotoplastyc.com.br\\\/es\\\/\"},{\"@type\":\"ListItem\",\"position\":2,\"name\":\"Sobre el Rotomoldeo\"}]},{\"@type\":\"WebSite\",\"@id\":\"https:\\\/\\\/rotoplastyc.com.br\\\/es\\\/#website\",\"url\":\"https:\\\/\\\/rotoplastyc.com.br\\\/es\\\/\",\"name\":\"Rotoplastyc\",\"description\":\"Empresa de rotomoldagem para ind\u00fastria\",\"potentialAction\":[{\"@type\":\"SearchAction\",\"target\":{\"@type\":\"EntryPoint\",\"urlTemplate\":\"https:\\\/\\\/rotoplastyc.com.br\\\/es\\\/?s={search_term_string}\"},\"query-input\":{\"@type\":\"PropertyValueSpecification\",\"valueRequired\":true,\"valueName\":\"search_term_string\"}}],\"inLanguage\":\"es\"}]}<\/script>\n<!-- \/ Yoast SEO plugin. -->","yoast_head_json":{"title":"Sobre el Rotomoldeo - Rotoplastyc","robots":{"index":"index","follow":"follow","max-snippet":"max-snippet:-1","max-image-preview":"max-image-preview:large","max-video-preview":"max-video-preview:-1"},"canonical":"https:\/\/rotoplastyc.com.br\/es\/sobre-el-rotomoldeo\/","og_locale":"es_ES","og_type":"article","og_title":"Sobre el Rotomoldeo - Rotoplastyc","og_url":"https:\/\/rotoplastyc.com.br\/es\/sobre-el-rotomoldeo\/","og_site_name":"Rotoplastyc","article_modified_time":"2025-04-26T19:10:17+00:00","twitter_card":"summary_large_image","schema":{"@context":"https:\/\/schema.org","@graph":[{"@type":"WebPage","@id":"https:\/\/rotoplastyc.com.br\/es\/sobre-el-rotomoldeo\/","url":"https:\/\/rotoplastyc.com.br\/es\/sobre-el-rotomoldeo\/","name":"Sobre el Rotomoldeo - Rotoplastyc","isPartOf":{"@id":"https:\/\/rotoplastyc.com.br\/es\/#website"},"datePublished":"2025-03-08T20:12:56+00:00","dateModified":"2025-04-26T19:10:17+00:00","breadcrumb":{"@id":"https:\/\/rotoplastyc.com.br\/es\/sobre-el-rotomoldeo\/#breadcrumb"},"inLanguage":"es","potentialAction":[{"@type":"ReadAction","target":["https:\/\/rotoplastyc.com.br\/es\/sobre-el-rotomoldeo\/"]}]},{"@type":"BreadcrumbList","@id":"https:\/\/rotoplastyc.com.br\/es\/sobre-el-rotomoldeo\/#breadcrumb","itemListElement":[{"@type":"ListItem","position":1,"name":"Home","item":"https:\/\/rotoplastyc.com.br\/es\/"},{"@type":"ListItem","position":2,"name":"Sobre el Rotomoldeo"}]},{"@type":"WebSite","@id":"https:\/\/rotoplastyc.com.br\/es\/#website","url":"https:\/\/rotoplastyc.com.br\/es\/","name":"Rotoplastyc","description":"Empresa de rotomoldagem para ind\u00fastria","potentialAction":[{"@type":"SearchAction","target":{"@type":"EntryPoint","urlTemplate":"https:\/\/rotoplastyc.com.br\/es\/?s={search_term_string}"},"query-input":{"@type":"PropertyValueSpecification","valueRequired":true,"valueName":"search_term_string"}}],"inLanguage":"es"}]}},"_links":{"self":[{"href":"https:\/\/rotoplastyc.com.br\/es\/wp-json\/wp\/v2\/pages\/22438","targetHints":{"allow":["GET"]}}],"collection":[{"href":"https:\/\/rotoplastyc.com.br\/es\/wp-json\/wp\/v2\/pages"}],"about":[{"href":"https:\/\/rotoplastyc.com.br\/es\/wp-json\/wp\/v2\/types\/page"}],"author":[{"embeddable":true,"href":"https:\/\/rotoplastyc.com.br\/es\/wp-json\/wp\/v2\/users\/5"}],"replies":[{"embeddable":true,"href":"https:\/\/rotoplastyc.com.br\/es\/wp-json\/wp\/v2\/comments?post=22438"}],"version-history":[{"count":1,"href":"https:\/\/rotoplastyc.com.br\/es\/wp-json\/wp\/v2\/pages\/22438\/revisions"}],"predecessor-version":[{"id":22439,"href":"https:\/\/rotoplastyc.com.br\/es\/wp-json\/wp\/v2\/pages\/22438\/revisions\/22439"}],"wp:attachment":[{"href":"https:\/\/rotoplastyc.com.br\/es\/wp-json\/wp\/v2\/media?parent=22438"}],"curies":[{"name":"wp","href":"https:\/\/api.w.org\/{rel}","templated":true}]}}