{"id":22442,"date":"2025-03-08T13:23:06","date_gmt":"2025-03-08T16:23:06","guid":{"rendered":"https:\/\/rotoplastyc.com.br\/?page_id=22442"},"modified":"2025-04-28T15:00:25","modified_gmt":"2025-04-28T18:00:25","slug":"acompane-las-ultimas-noticias","status":"publish","type":"page","link":"https:\/\/rotoplastyc.com.br\/es\/acompane-las-ultimas-noticias\/","title":{"rendered":"Acompa\u00f1e las \u00faltimas noticias"},"content":{"rendered":"\t\t\t\t<div class=\"block block--form form-line\" id=\"reciba-nuestras-novedades-directamente-por-correo-electronico\" >\n\n                    <div class=\"container\">\n\n                                    \t\t\t\t\n                        <div class=\"block--heading\">   \n                            \n                                                        <h2 class=\"block--title\">Reciba nuestras novedades directamente por correo electr\u00f3nico<\/h2>                        \n                            \n                                                                                    \n                        <\/div>\n                        \n                        \t\t\t\t\t\t<div class=\"form-wrapper\"><div id=\"piotnetforms\" class=\"piotnetforms piotnetforms-22374\" data-piotnetforms-shortcode-id=\"22374\"><form id=\"22374\" class=\"piotnetforms__form\" onsubmit=\"return false\"><div class=\"piotnet-section p56087033\">\t\t\t\t\t\t<div class=\"piotnet-section__container\"\n\t\t>\n\t\t<div class=\"piotnet-column p24572398\">\t\t\t\t\t\t<div class=\"piotnet-column__inner\"\n\t\t\t>\n\t\t\t\t\n\t\t<div class=\"p19230218 piotnetforms-fields-wrapper piotnetforms-labels-above\">\n\t\t\t<div class=\"piotnetforms-field-type-text piotnetforms-field-group piotnetforms-column  piotnetforms-field-group-newsletter_name piotnetforms-col-100 piotnetforms-field-required piotnetforms-mark-required\">\n\t\t\t\t<label for=\"form-field-newsletter_name\" class=\"piotnetforms-field-label\">Nombre<\/label><div data-piotnetforms-required><\/div><div class=\"piotnetforms-field-container\"><input size=\"1\" class=\"piotnetforms-field piotnetforms-size-\" type=\"text\" name=\"form_fields[newsletter_name]\" id=\"form-field-newsletter_name\" placeholder=\"Informe su nombre\" autocomplete=\"on\" data-piotnetforms-default-value=\"\" required=\"required\" aria-required=\"true\" data-piotnetforms-id=\"22374\"><\/div>\t\t\t<\/div>\n\t\t<\/div>\n\t\t\t\n\t\t<div class=\"p45642750 piotnetforms-fields-wrapper piotnetforms-labels-above\">\n\t\t\t<div class=\"piotnetforms-field-type-email piotnetforms-field-group piotnetforms-column  piotnetforms-field-group-newsletter_email piotnetforms-col-100 piotnetforms-field-required piotnetforms-mark-required\">\n\t\t\t\t<label for=\"form-field-newsletter_email\" class=\"piotnetforms-field-label\">Correo electr\u00f3nico<\/label><div data-piotnetforms-required><\/div><div class=\"piotnetforms-field-container\"><input size=\"1\" class=\"piotnetforms-field piotnetforms-size-\" type=\"email\" name=\"form_fields[newsletter_email]\" id=\"form-field-newsletter_email\" placeholder=\"Informe su correo electr\u00f3nico\" autocomplete=\"on\" data-piotnetforms-default-value=\"\" required=\"required\" aria-required=\"true\" data-piotnetforms-id=\"22374\"><\/div>\t\t\t<\/div>\n\t\t<\/div>\n\t\t\t\n\t\t<div class=\"p79923641 piotnetforms-fields-wrapper piotnetforms-labels-above\">\n\t\t\t<div class=\"piotnetforms-field-type-acceptance piotnetforms-field-group piotnetforms-column  piotnetforms-field-group-aceito_fab piotnetforms-col-100 piotnetforms-field-required\">\n\t\t\t\t<label style=\"display:none\" for=\"form-field-aceito_fab\" class=\"piotnetforms-field-label\">He le\u00eddo y acepto los t\u00e9rminos de la Pol\u00edtica de privacidad<\/label><div data-piotnetforms-required><\/div><div class=\"piotnetforms-field-container\"><div class=\"piotnetforms-field-subgroup piotnetforms-field-subgroup--native \"><span class=\"piotnetforms-field-option\"><input class=\"piotnetforms-field piotnetforms-size- piotnetforms-acceptance-field\" type=\"checkbox\" name=\"form_fields[aceito_fab]\" id=\"form-field-aceito_fab\" placeholder=\"Informe o nome da sua empresa\" data-mask=\"(00)90000 0000\" autocomplete=\"on\" data-piotnetforms-default-value=\"Acompa\u00f1e las \u00faltimas noticias\" data-piotnetforms-value=\"Acompa\u00f1e las \u00faltimas noticias\" required=\"required\" aria-required=\"true\" data-piotnetforms-id=\"22374\" value=\"Acompa\u00f1e las \u00faltimas noticias\"> <label for=\"form-field-aceito_fab\">He le\u00eddo y acepto los\nt\u00e9rminos de la  <a href=\"https:\/\/rotoplastyc.com.br\/politica-de-privacidade\/\">Pol\u00edtica de\nprivacidad<\/a><\/label><\/span><\/div><\/div>\t\t\t<\/div>\n\t\t<\/div>\n\t\t\t\t<\/div>\n\t\t<\/div>\t\t\t<\/div>\n\t\t<\/div>\n\t\t<div class=\"p18160969 piotnetforms-submit piotnetforms-button-wrapper\">\n\n\t\t\t\t<input type=\"hidden\" name=\"post_id\" value=\"22374\" data-piotnetforms-hidden-form-id=\"22374\"\/>\n\t\t<input type=\"hidden\" name=\"form_id\" value=\"p18160969\" data-piotnetforms-hidden-form-id=\"22374\"\/>\n\t\t<input type=\"hidden\" name=\"remote_ip\" value=\"216.73.216.185\" data-piotnetforms-hidden-form-id=\"22374\"\/>\n\n\t\t\n\t\t\n\t\t\n\t\t\n\t\t<button class=\"piotnetforms-button\" type=\"submit\" role=\"button\" data-piotnetforms-required-text=\"Este campo \u00e9 obrigat\u00f3rio.\" data-piotnetforms-submit-form-id=\"22374\" data-piotnetforms-submit-keyboard=\"false\" data-piotnetforms-submit-hide=\"false\">\n\t\t\t\t\t<span class=\"piotnetforms-button-content-wrapper\">\n\t\t\t<span class=\"piotnetforms-button-text piotnetforms-spinner\"><span class=\"icon-spinner-of-dots\"><\/span><\/span>\n\t\t\t\t\t\t<span class=\"piotnetforms-button-text\">Registro<\/span>\n\t\t<\/span>\n\t\t\t\t<\/button>\n\t\t\n\t\t        \t\t        \t\t\n\t\t\n\t\t\n        \n            \t\t<div id=\"piotnetforms-trigger-success-22374\" data-piotnetforms-trigger-success=\"22374\" style=\"display: none\"><\/div>\n\t\t<div id=\"piotnetforms-trigger-failed-22374\" data-piotnetforms-trigger-failed=\"22374\" style=\"display: none\"><\/div>\n\t\t<div class=\"piotnetforms-alert piotnetforms-alert--mail\">\n\t\t\t<div class=\"piotnetforms-message piotnetforms-message-success\" role=\"alert\" data-piotnetforms-message=\"Agradecemos seu cadastro!\">Agradecemos seu cadastro!<\/div>\n\t\t\t<div class=\"piotnetforms-message piotnetforms-message-danger\" role=\"alert\" data-piotnetforms-message=\"Opa, tente novamente.\">Opa, tente novamente.<\/div>\n\t\t\t<!-- <div class=\"piotnetforms-message piotnetforms-help-inline\" role=\"alert\">Server error. Form not sent.<\/div> -->\n\t\t<\/div>\n\t\t\t\t<\/div>\n\t\t<link rel=\"stylesheet\" href=\"https:\/\/rotoplastyc.com.br\/wp-content\/uploads\/piotnetforms\/css\/22374.css?ver=2\" media=\"all\"><\/form><\/div><div data-piotnetforms-ajax-url=\"https:\/\/rotoplastyc.com.br\/wp-admin\/admin-ajax.php\"><\/div><div data-piotnetforms-plugin-url=\"https:\/\/rotoplastyc.com.br\/wp-content\/plugins\"><\/div><div data-piotnetforms-tinymce-upload=\"https:\/\/rotoplastyc.com.br\/wp-content\/plugins\/piotnetforms-pro\/inc\/forms\/tinymce\/tinymce-upload.php\"><\/div><div data-piotnetforms-stripe-key=\"\"><\/div><div class=\"piotnetforms-break-point\" data-piotnetforms-break-point-md=\"1025\" data-piotnetforms-break-point-lg=\"767\"><\/div>\t<\/div>\n                                                                       \n\n                    <\/div>\n                    \n                <\/div>","protected":false},"excerpt":{"rendered":"","protected":false},"author":5,"featured_media":0,"parent":0,"menu_order":0,"comment_status":"closed","ping_status":"closed","template":"page-blog.php","meta":{"_acf_changed":false,"footnotes":""},"class_list":["post-22442","page","type-page","status-publish","hentry"],"acf":[],"yoast_head":"<!-- This site is optimized with the Yoast SEO plugin v27.5 - https:\/\/yoast.com\/product\/yoast-seo-wordpress\/ -->\n<title>Acompa\u00f1e las \u00faltimas noticias - Rotoplastyc<\/title>\n<meta name=\"robots\" content=\"index, follow, max-snippet:-1, max-image-preview:large, max-video-preview:-1\" \/>\n<link rel=\"canonical\" href=\"https:\/\/rotoplastyc.com.br\/es\/acompane-las-ultimas-noticias\/\" \/>\n<meta property=\"og:locale\" content=\"es_ES\" \/>\n<meta property=\"og:type\" content=\"article\" \/>\n<meta property=\"og:title\" content=\"Acompa\u00f1e las \u00faltimas noticias - Rotoplastyc\" \/>\n<meta property=\"og:url\" content=\"https:\/\/rotoplastyc.com.br\/es\/acompane-las-ultimas-noticias\/\" \/>\n<meta property=\"og:site_name\" content=\"Rotoplastyc\" \/>\n<meta property=\"article:modified_time\" content=\"2025-04-28T18:00:25+00:00\" \/>\n<meta name=\"twitter:card\" content=\"summary_large_image\" \/>\n<script type=\"application\/ld+json\" class=\"yoast-schema-graph\">{\"@context\":\"https:\\\/\\\/schema.org\",\"@graph\":[{\"@type\":\"WebPage\",\"@id\":\"https:\\\/\\\/rotoplastyc.com.br\\\/es\\\/acompane-las-ultimas-noticias\\\/\",\"url\":\"https:\\\/\\\/rotoplastyc.com.br\\\/es\\\/acompane-las-ultimas-noticias\\\/\",\"name\":\"Acompa\u00f1e las \u00faltimas noticias - Rotoplastyc\",\"isPartOf\":{\"@id\":\"https:\\\/\\\/rotoplastyc.com.br\\\/es\\\/#website\"},\"datePublished\":\"2025-03-08T16:23:06+00:00\",\"dateModified\":\"2025-04-28T18:00:25+00:00\",\"breadcrumb\":{\"@id\":\"https:\\\/\\\/rotoplastyc.com.br\\\/es\\\/acompane-las-ultimas-noticias\\\/#breadcrumb\"},\"inLanguage\":\"es\",\"potentialAction\":[{\"@type\":\"ReadAction\",\"target\":[\"https:\\\/\\\/rotoplastyc.com.br\\\/es\\\/acompane-las-ultimas-noticias\\\/\"]}]},{\"@type\":\"BreadcrumbList\",\"@id\":\"https:\\\/\\\/rotoplastyc.com.br\\\/es\\\/acompane-las-ultimas-noticias\\\/#breadcrumb\",\"itemListElement\":[{\"@type\":\"ListItem\",\"position\":1,\"name\":\"Home\",\"item\":\"https:\\\/\\\/rotoplastyc.com.br\\\/es\\\/\"},{\"@type\":\"ListItem\",\"position\":2,\"name\":\"Acompa\u00f1e las \u00faltimas noticias\"}]},{\"@type\":\"WebSite\",\"@id\":\"https:\\\/\\\/rotoplastyc.com.br\\\/es\\\/#website\",\"url\":\"https:\\\/\\\/rotoplastyc.com.br\\\/es\\\/\",\"name\":\"Rotoplastyc\",\"description\":\"Empresa de rotomoldagem para ind\u00fastria\",\"potentialAction\":[{\"@type\":\"SearchAction\",\"target\":{\"@type\":\"EntryPoint\",\"urlTemplate\":\"https:\\\/\\\/rotoplastyc.com.br\\\/es\\\/?s={search_term_string}\"},\"query-input\":{\"@type\":\"PropertyValueSpecification\",\"valueRequired\":true,\"valueName\":\"search_term_string\"}}],\"inLanguage\":\"es\"}]}<\/script>\n<!-- \/ Yoast SEO plugin. -->","yoast_head_json":{"title":"Acompa\u00f1e las \u00faltimas noticias - Rotoplastyc","robots":{"index":"index","follow":"follow","max-snippet":"max-snippet:-1","max-image-preview":"max-image-preview:large","max-video-preview":"max-video-preview:-1"},"canonical":"https:\/\/rotoplastyc.com.br\/es\/acompane-las-ultimas-noticias\/","og_locale":"es_ES","og_type":"article","og_title":"Acompa\u00f1e las \u00faltimas noticias - Rotoplastyc","og_url":"https:\/\/rotoplastyc.com.br\/es\/acompane-las-ultimas-noticias\/","og_site_name":"Rotoplastyc","article_modified_time":"2025-04-28T18:00:25+00:00","twitter_card":"summary_large_image","schema":{"@context":"https:\/\/schema.org","@graph":[{"@type":"WebPage","@id":"https:\/\/rotoplastyc.com.br\/es\/acompane-las-ultimas-noticias\/","url":"https:\/\/rotoplastyc.com.br\/es\/acompane-las-ultimas-noticias\/","name":"Acompa\u00f1e las \u00faltimas noticias - Rotoplastyc","isPartOf":{"@id":"https:\/\/rotoplastyc.com.br\/es\/#website"},"datePublished":"2025-03-08T16:23:06+00:00","dateModified":"2025-04-28T18:00:25+00:00","breadcrumb":{"@id":"https:\/\/rotoplastyc.com.br\/es\/acompane-las-ultimas-noticias\/#breadcrumb"},"inLanguage":"es","potentialAction":[{"@type":"ReadAction","target":["https:\/\/rotoplastyc.com.br\/es\/acompane-las-ultimas-noticias\/"]}]},{"@type":"BreadcrumbList","@id":"https:\/\/rotoplastyc.com.br\/es\/acompane-las-ultimas-noticias\/#breadcrumb","itemListElement":[{"@type":"ListItem","position":1,"name":"Home","item":"https:\/\/rotoplastyc.com.br\/es\/"},{"@type":"ListItem","position":2,"name":"Acompa\u00f1e las \u00faltimas noticias"}]},{"@type":"WebSite","@id":"https:\/\/rotoplastyc.com.br\/es\/#website","url":"https:\/\/rotoplastyc.com.br\/es\/","name":"Rotoplastyc","description":"Empresa de rotomoldagem para ind\u00fastria","potentialAction":[{"@type":"SearchAction","target":{"@type":"EntryPoint","urlTemplate":"https:\/\/rotoplastyc.com.br\/es\/?s={search_term_string}"},"query-input":{"@type":"PropertyValueSpecification","valueRequired":true,"valueName":"search_term_string"}}],"inLanguage":"es"}]}},"_links":{"self":[{"href":"https:\/\/rotoplastyc.com.br\/es\/wp-json\/wp\/v2\/pages\/22442","targetHints":{"allow":["GET"]}}],"collection":[{"href":"https:\/\/rotoplastyc.com.br\/es\/wp-json\/wp\/v2\/pages"}],"about":[{"href":"https:\/\/rotoplastyc.com.br\/es\/wp-json\/wp\/v2\/types\/page"}],"author":[{"embeddable":true,"href":"https:\/\/rotoplastyc.com.br\/es\/wp-json\/wp\/v2\/users\/5"}],"replies":[{"embeddable":true,"href":"https:\/\/rotoplastyc.com.br\/es\/wp-json\/wp\/v2\/comments?post=22442"}],"version-history":[{"count":2,"href":"https:\/\/rotoplastyc.com.br\/es\/wp-json\/wp\/v2\/pages\/22442\/revisions"}],"predecessor-version":[{"id":22691,"href":"https:\/\/rotoplastyc.com.br\/es\/wp-json\/wp\/v2\/pages\/22442\/revisions\/22691"}],"wp:attachment":[{"href":"https:\/\/rotoplastyc.com.br\/es\/wp-json\/wp\/v2\/media?parent=22442"}],"curies":[{"name":"wp","href":"https:\/\/api.w.org\/{rel}","templated":true}]}}